{"id":1314,"date":"2024-12-31T16:28:23","date_gmt":"2024-12-31T16:28:23","guid":{"rendered":"https:\/\/www.durapalm.com\/?page_id=1314"},"modified":"2025-03-17T19:59:24","modified_gmt":"2025-03-17T19:59:24","slug":"about","status":"publish","type":"page","link":"https:\/\/www.durapalm.com\/it\/about\/","title":{"rendered":"La nostra storia"},"content":{"rendered":"<div data-elementor-type=\"wp-page\" data-elementor-id=\"1314\" class=\"elementor elementor-1314\" data-elementor-post-type=\"page\">\n\t\t\t\t<div class=\"elementor-element elementor-element-201c9d3 e-flex e-con-boxed e-con e-parent\" data-id=\"201c9d3\" data-element_type=\"container\" data-e-type=\"container\" data-settings=\"{&quot;background_background&quot;:&quot;classic&quot;}\">\n\t\t\t\t\t<div class=\"e-con-inner\">\n\t\t\t\t<div class=\"elementor-element elementor-element-4c9b795 elementor-widget__width-initial elementor-widget elementor-widget-heading\" data-id=\"4c9b795\" data-element_type=\"widget\" data-e-type=\"widget\" data-widget_type=\"heading.default\">\n\t\t\t\t<div class=\"elementor-widget-container\">\n\t\t\t\t\t<h1 class=\"elementor-heading-title elementor-size-default\">La nostra storia<\/h1>\t\t\t\t<\/div>\n\t\t\t\t<\/div>\n\t\t\t\t\t<\/div>\n\t\t\t\t<\/div>\n\t\t<div class=\"elementor-element elementor-element-9443cb8 e-flex e-con-boxed e-con e-parent\" data-id=\"9443cb8\" data-element_type=\"container\" data-e-type=\"container\">\n\t\t\t\t\t<div class=\"e-con-inner\">\n\t\t<div class=\"elementor-element elementor-element-b2332bf e-con-full elementor-hidden-tablet elementor-hidden-mobile e-flex e-con e-child\" data-id=\"b2332bf\" data-element_type=\"container\" data-e-type=\"container\">\n\t\t\t\t<div class=\"elementor-element elementor-element-8bb2e44 elementor-widget__width-inherit side-btn elementor-widget elementor-widget-button\" data-id=\"8bb2e44\" data-element_type=\"widget\" data-e-type=\"widget\" data-widget_type=\"button.default\">\n\t\t\t\t<div class=\"elementor-widget-container\">\n\t\t\t\t\t\t\t\t\t<div class=\"elementor-button-wrapper\">\n\t\t\t\t\t<a class=\"elementor-button elementor-button-link elementor-size-sm\" href=\"#\">\n\t\t\t\t\t\t<span class=\"elementor-button-content-wrapper\">\n\t\t\t\t\t\t<span class=\"elementor-button-icon\">\n\t\t\t\t<svg aria-hidden=\"true\" class=\"e-font-icon-svg e-fas-caret-right\" viewbox=\"0 0 192 512\" xmlns=\"http:\/\/www.w3.org\/2000\/svg\"><path d=\"M0 384.662V127.338c0-17.818 21.543-26.741 34.142-14.142l128.662 128.662c7.81 7.81 7.81 20.474 0 28.284L34.142 398.804C21.543 411.404 0 402.48 0 384.662z\"><\/path><\/svg>\t\t\t<\/span>\n\t\t\t\t\t\t\t\t\t<span class=\"elementor-button-text\">LA NOSTRA STORIA<\/span>\n\t\t\t\t\t<\/span>\n\t\t\t\t\t<\/a>\n\t\t\t\t<\/div>\n\t\t\t\t\t\t\t\t<\/div>\n\t\t\t\t<\/div>\n\t\t\t\t<div class=\"elementor-element elementor-element-454c58b elementor-widget__width-inherit side-btn elementor-widget elementor-widget-button\" data-id=\"454c58b\" data-element_type=\"widget\" data-e-type=\"widget\" data-widget_type=\"button.default\">\n\t\t\t\t<div class=\"elementor-widget-container\">\n\t\t\t\t\t\t\t\t\t<div class=\"elementor-button-wrapper\">\n\t\t\t\t\t<a class=\"elementor-button elementor-button-link elementor-size-sm\" href=\"https:\/\/www.durapalm.com\/it\/sustainability\/\">\n\t\t\t\t\t\t<span class=\"elementor-button-content-wrapper\">\n\t\t\t\t\t\t\t\t\t<span class=\"elementor-button-text\">SOSTENIBILIT\u00c0<\/span>\n\t\t\t\t\t<\/span>\n\t\t\t\t\t<\/a>\n\t\t\t\t<\/div>\n\t\t\t\t\t\t\t\t<\/div>\n\t\t\t\t<\/div>\n\t\t\t\t<\/div>\n\t\t<div class=\"elementor-element elementor-element-364648f e-con-full e-flex e-con e-child\" data-id=\"364648f\" data-element_type=\"container\" data-e-type=\"container\">\n\t\t\t\t<div class=\"elementor-element elementor-element-7d58392 elementor-widget elementor-widget-heading\" data-id=\"7d58392\" data-element_type=\"widget\" data-e-type=\"widget\" data-widget_type=\"heading.default\">\n\t\t\t\t<div class=\"elementor-widget-container\">\n\t\t\t\t\t<h4 class=\"elementor-heading-title elementor-size-default\">Innovazione artigianale con palma e bamb\u00f9<\/h4>\t\t\t\t<\/div>\n\t\t\t\t<\/div>\n\t\t\t\t<div class=\"elementor-element elementor-element-3594d9f elementor-pagination-position-outside elementor-widget elementor-widget-image-carousel\" data-id=\"3594d9f\" data-element_type=\"widget\" data-e-type=\"widget\" data-settings=\"{&quot;slides_to_show&quot;:&quot;3&quot;,&quot;navigation&quot;:&quot;dots&quot;,&quot;autoplay_speed&quot;:2000,&quot;image_spacing_custom&quot;:{&quot;unit&quot;:&quot;px&quot;,&quot;size&quot;:10,&quot;sizes&quot;:[]},&quot;autoplay&quot;:&quot;yes&quot;,&quot;pause_on_hover&quot;:&quot;yes&quot;,&quot;pause_on_interaction&quot;:&quot;yes&quot;,&quot;infinite&quot;:&quot;yes&quot;,&quot;speed&quot;:500,&quot;image_spacing_custom_tablet&quot;:{&quot;unit&quot;:&quot;px&quot;,&quot;size&quot;:&quot;&quot;,&quot;sizes&quot;:[]},&quot;image_spacing_custom_mobile&quot;:{&quot;unit&quot;:&quot;px&quot;,&quot;size&quot;:&quot;&quot;,&quot;sizes&quot;:[]}}\" data-widget_type=\"image-carousel.default\">\n\t\t\t\t<div class=\"elementor-widget-container\">\n\t\t\t\t\t\t\t<div class=\"elementor-image-carousel-wrapper swiper\" role=\"region\" aria-roledescription=\"carousel\" aria-label=\"Carosello di immagini\" dir=\"ltr\">\n\t\t\t<div class=\"elementor-image-carousel swiper-wrapper swiper-image-stretch\" aria-live=\"off\">\n\t\t\t\t\t\t\t\t<div class=\"swiper-slide\" role=\"group\" aria-roledescription=\"slide\" aria-label=\"1 sur 8\" data-no-translation-aria-label=\"\"><figure class=\"swiper-slide-inner\"><img decoding=\"async\" class=\"swiper-slide-image lazyload\" data-src=\"https:\/\/www.durapalm.com\/wp-content\/uploads\/2024\/12\/our_story1-1.jpg\" alt=\"our_story1\" src=\"data:image\/svg+xml;base64,PHN2ZyB3aWR0aD0iMSIgaGVpZ2h0PSIxIiB4bWxucz0iaHR0cDovL3d3dy53My5vcmcvMjAwMC9zdmciPjwvc3ZnPg==\" style=\"--smush-placeholder-width: 800px; --smush-placeholder-aspect-ratio: 800\/800;\" \/><\/figure><\/div><div class=\"swiper-slide\" role=\"group\" aria-roledescription=\"slide\" aria-label=\"2 sur 8\" data-no-translation-aria-label=\"\"><figure class=\"swiper-slide-inner\"><img decoding=\"async\" class=\"swiper-slide-image lazyload\" data-src=\"https:\/\/www.durapalm.com\/wp-content\/uploads\/2024\/12\/our_story2-1.jpg\" alt=\"our_story2\" src=\"data:image\/svg+xml;base64,PHN2ZyB3aWR0aD0iMSIgaGVpZ2h0PSIxIiB4bWxucz0iaHR0cDovL3d3dy53My5vcmcvMjAwMC9zdmciPjwvc3ZnPg==\" style=\"--smush-placeholder-width: 800px; --smush-placeholder-aspect-ratio: 800\/800;\" \/><\/figure><\/div><div class=\"swiper-slide\" role=\"group\" aria-roledescription=\"slide\" aria-label=\"3 sur 8\" data-no-translation-aria-label=\"\"><figure class=\"swiper-slide-inner\"><img decoding=\"async\" class=\"swiper-slide-image lazyload\" data-src=\"https:\/\/www.durapalm.com\/wp-content\/uploads\/2024\/12\/our_story3-1.jpg\" alt=\"our_story3\" src=\"data:image\/svg+xml;base64,PHN2ZyB3aWR0aD0iMSIgaGVpZ2h0PSIxIiB4bWxucz0iaHR0cDovL3d3dy53My5vcmcvMjAwMC9zdmciPjwvc3ZnPg==\" style=\"--smush-placeholder-width: 800px; --smush-placeholder-aspect-ratio: 800\/800;\" \/><\/figure><\/div><div class=\"swiper-slide\" role=\"group\" aria-roledescription=\"slide\" aria-label=\"4 sur 8\" data-no-translation-aria-label=\"\"><figure class=\"swiper-slide-inner\"><img decoding=\"async\" class=\"swiper-slide-image lazyload\" data-src=\"https:\/\/www.durapalm.com\/wp-content\/uploads\/2024\/12\/our_story4-1.jpg\" alt=\"our_story4\" src=\"data:image\/svg+xml;base64,PHN2ZyB3aWR0aD0iMSIgaGVpZ2h0PSIxIiB4bWxucz0iaHR0cDovL3d3dy53My5vcmcvMjAwMC9zdmciPjwvc3ZnPg==\" style=\"--smush-placeholder-width: 800px; --smush-placeholder-aspect-ratio: 800\/800;\" \/><\/figure><\/div><div class=\"swiper-slide\" role=\"group\" aria-roledescription=\"slide\" aria-label=\"5 sur 8\" data-no-translation-aria-label=\"\"><figure class=\"swiper-slide-inner\"><img decoding=\"async\" class=\"swiper-slide-image lazyload\" data-src=\"https:\/\/www.durapalm.com\/wp-content\/uploads\/2024\/12\/our_story5-1.jpg\" alt=\"our_story5\" src=\"data:image\/svg+xml;base64,PHN2ZyB3aWR0aD0iMSIgaGVpZ2h0PSIxIiB4bWxucz0iaHR0cDovL3d3dy53My5vcmcvMjAwMC9zdmciPjwvc3ZnPg==\" style=\"--smush-placeholder-width: 800px; --smush-placeholder-aspect-ratio: 800\/800;\" \/><\/figure><\/div><div class=\"swiper-slide\" role=\"group\" aria-roledescription=\"slide\" aria-label=\"6 sur 8\" data-no-translation-aria-label=\"\"><figure class=\"swiper-slide-inner\"><img decoding=\"async\" class=\"swiper-slide-image lazyload\" data-src=\"https:\/\/www.durapalm.com\/wp-content\/uploads\/2024\/12\/our_story6-1.jpg\" alt=\"our_story6\" src=\"data:image\/svg+xml;base64,PHN2ZyB3aWR0aD0iMSIgaGVpZ2h0PSIxIiB4bWxucz0iaHR0cDovL3d3dy53My5vcmcvMjAwMC9zdmciPjwvc3ZnPg==\" style=\"--smush-placeholder-width: 800px; --smush-placeholder-aspect-ratio: 800\/800;\" \/><\/figure><\/div><div class=\"swiper-slide\" role=\"group\" aria-roledescription=\"slide\" aria-label=\"7 sur 8\" data-no-translation-aria-label=\"\"><figure class=\"swiper-slide-inner\"><img decoding=\"async\" class=\"swiper-slide-image lazyload\" data-src=\"https:\/\/www.durapalm.com\/wp-content\/uploads\/2024\/12\/our_story7-1.jpg\" alt=\"our_story7\" src=\"data:image\/svg+xml;base64,PHN2ZyB3aWR0aD0iMSIgaGVpZ2h0PSIxIiB4bWxucz0iaHR0cDovL3d3dy53My5vcmcvMjAwMC9zdmciPjwvc3ZnPg==\" style=\"--smush-placeholder-width: 800px; --smush-placeholder-aspect-ratio: 800\/800;\" \/><\/figure><\/div><div class=\"swiper-slide\" role=\"group\" aria-roledescription=\"slide\" aria-label=\"8 sur 8\" data-no-translation-aria-label=\"\"><figure class=\"swiper-slide-inner\"><img decoding=\"async\" class=\"swiper-slide-image lazyload\" data-src=\"https:\/\/www.durapalm.com\/wp-content\/uploads\/2024\/12\/our_story8-1.jpg\" alt=\"our_story8\" src=\"data:image\/svg+xml;base64,PHN2ZyB3aWR0aD0iMSIgaGVpZ2h0PSIxIiB4bWxucz0iaHR0cDovL3d3dy53My5vcmcvMjAwMC9zdmciPjwvc3ZnPg==\" style=\"--smush-placeholder-width: 800px; --smush-placeholder-aspect-ratio: 800\/800;\" \/><\/figure><\/div>\t\t\t<\/div>\n\t\t\t\t\t\t\t\n\t\t\t\t\t\t\t\t\t<div class=\"swiper-pagination\"><\/div>\n\t\t\t\t\t\t\t\t\t<\/div>\n\t\t\t\t\t\t<\/div>\n\t\t\t\t<\/div>\n\t\t\t\t<div class=\"elementor-element elementor-element-9f8698a elementor-widget elementor-widget-text-editor\" data-id=\"9f8698a\" data-element_type=\"widget\" data-e-type=\"widget\" data-widget_type=\"text-editor.default\">\n\t\t\t\t<div class=\"elementor-widget-container\">\n\t\t\t\t\t\t\t\t\t<p>Creiamo materiali sostenibili in legno di palma per interni commerciali e residenziali e rivestimenti esterni in legno di palma.\u00a0<\/p><p><span style=\"font-weight: 400;\">Da oltre 28 anni Smith &amp; Fong \u00e8 all'avanguardia nel campo dei materiali sostenibili, introducendo prodotti innovativi che combinano responsabilit\u00e0 ambientale e design innovativo. Come prima azienda a distribuire pavimenti in bamb\u00f9 negli Stati Uniti con il marchio Plyboo, abbiamo aperto la strada ai materiali da costruzione rinnovabili. Nel 1996, abbiamo proseguito questo impegno portando il compensato di bamb\u00f9 sul mercato americano, stabilendo un nuovo standard per l'edilizia sostenibile.<\/span><\/p><p><span style=\"font-weight: 400;\">Nel 2000, ispirati dalle qualit\u00e0 uniche del legno di palma, abbiamo lanciato il marchio Durapalm. Con Durapalm abbiamo cercato di trasformare la palma, una risorsa spesso sottoutilizzata, in un materiale rinnovabile di alta qualit\u00e0 per il design moderno. Nel corso degli anni, la nostra esperienza nell'approvvigionamento, nella lavorazione e nella produzione del legno di palma si \u00e8 approfondita, permettendoci di portare il suo carattere ricco in un'ampia gamma di applicazioni.<\/span><\/p><p><span style=\"font-weight: 400;\">Dedita alla sostenibilit\u00e0 e alla qualit\u00e0, Smith &amp; Fong produce secondo i rigorosi standard ASTM, che ci rendono uno dei pochi produttori-fornitori a rispettare queste specifiche. Oggi Durapalm incarna la nostra passione per i materiali esotici e rinnovabili, offrendo ad architetti e designer una scelta sostenibile, innovativa e senza tempo.<\/span><\/p>\t\t\t\t\t\t\t\t<\/div>\n\t\t\t\t<\/div>\n\t\t\t\t<\/div>\n\t\t\t\t\t<\/div>\n\t\t\t\t<\/div>\n\t\t\t\t<\/div>","protected":false},"excerpt":{"rendered":"<p>Our Story OUR STORY SUSTAINABILITY Crafting Innovation with Palm and Bamboo We create sustainable palm wood materials for commercial and residential interiors as well as palm wood exterior cladding.\u00a0 For over 28 years, Smith &amp; Fong has been at the forefront of sustainable materials, introducing groundbreaking products that combine environmental responsibility with innovative design. As [&hellip;]<\/p>\n","protected":false},"author":1,"featured_media":0,"parent":0,"menu_order":0,"comment_status":"closed","ping_status":"closed","template":"","meta":{"footnotes":""},"class_list":["post-1314","page","type-page","status-publish","hentry"],"yoast_head":"<!-- This site is optimized with the Yoast SEO plugin v27.5 - https:\/\/yoast.com\/product\/yoast-seo-wordpress\/ -->\n<title>Our Story - Creating Sustainable Palm Wood Building Materials<\/title>\n<meta name=\"description\" content=\"Smith &amp; Fong is a leader in creating sustainable palm wood materials that combine environmental responsibility with innovative design.\" \/>\n<meta name=\"robots\" content=\"index, follow, max-snippet:-1, max-image-preview:large, max-video-preview:-1\" \/>\n<link rel=\"canonical\" href=\"https:\/\/www.durapalm.com\/it\/about\/\" \/>\n<meta property=\"og:locale\" content=\"it_IT\" \/>\n<meta property=\"og:type\" content=\"article\" \/>\n<meta property=\"og:title\" content=\"Our Story - Creating Sustainable Palm Wood Building Materials\" \/>\n<meta property=\"og:description\" content=\"Smith &amp; Fong is a leader in creating sustainable palm wood materials that combine environmental responsibility with innovative design.\" \/>\n<meta property=\"og:url\" content=\"https:\/\/www.durapalm.com\/it\/about\/\" \/>\n<meta property=\"og:site_name\" content=\"Durapalm\" \/>\n<meta property=\"article:modified_time\" content=\"2025-03-17T19:59:24+00:00\" \/>\n<meta property=\"og:image\" content=\"https:\/\/www.durapalm.com\/wp-content\/uploads\/2024\/12\/our_story1-1.jpg\" \/>\n<meta name=\"twitter:card\" content=\"summary_large_image\" \/>\n<meta name=\"twitter:label1\" content=\"Tempo di lettura stimato\" \/>\n\t<meta name=\"twitter:data1\" content=\"4 minuti\" \/>\n<!-- \/ Yoast SEO plugin. -->","yoast_head_json":{"title":"La nostra storia - Creare materiali da costruzione sostenibili in legno di palma","description":"Smith &amp; Fong \u00e8 leader nella creazione di materiali sostenibili in legno di palma che combinano responsabilit\u00e0 ambientale e design innovativo.","robots":{"index":"index","follow":"follow","max-snippet":"max-snippet:-1","max-image-preview":"max-image-preview:large","max-video-preview":"max-video-preview:-1"},"canonical":"https:\/\/www.durapalm.com\/it\/about\/","og_locale":"it_IT","og_type":"article","og_title":"Our Story - Creating Sustainable Palm Wood Building Materials","og_description":"Smith & Fong is a leader in creating sustainable palm wood materials that combine environmental responsibility with innovative design.","og_url":"https:\/\/www.durapalm.com\/it\/about\/","og_site_name":"Durapalm","article_modified_time":"2025-03-17T19:59:24+00:00","og_image":[{"url":"https:\/\/www.durapalm.com\/wp-content\/uploads\/2024\/12\/our_story1-1.jpg","type":"","width":"","height":""}],"twitter_card":"summary_large_image","twitter_misc":{"Tempo di lettura stimato":"4 minuti"},"schema":{"@context":"https:\/\/schema.org","@graph":[{"@type":["WebPage","AboutPage"],"@id":"https:\/\/www.durapalm.com\/about\/","url":"https:\/\/www.durapalm.com\/about\/","name":"La nostra storia - Creare materiali da costruzione sostenibili in legno di palma","isPartOf":{"@id":"https:\/\/www.durapalm.com\/#website"},"primaryImageOfPage":{"@id":"https:\/\/www.durapalm.com\/about\/#primaryimage"},"image":{"@id":"https:\/\/www.durapalm.com\/about\/#primaryimage"},"thumbnailUrl":"https:\/\/www.durapalm.com\/wp-content\/uploads\/2024\/12\/our_story1-1.jpg","datePublished":"2024-12-31T16:28:23+00:00","dateModified":"2025-03-17T19:59:24+00:00","description":"Smith &amp; Fong \u00e8 leader nella creazione di materiali sostenibili in legno di palma che combinano responsabilit\u00e0 ambientale e design innovativo.","breadcrumb":{"@id":"https:\/\/www.durapalm.com\/about\/#breadcrumb"},"inLanguage":"it-IT","potentialAction":[{"@type":"ReadAction","target":["https:\/\/www.durapalm.com\/about\/"]}]},{"@type":"ImageObject","inLanguage":"it-IT","@id":"https:\/\/www.durapalm.com\/about\/#primaryimage","url":"https:\/\/www.durapalm.com\/wp-content\/uploads\/2024\/12\/our_story1-1.jpg","contentUrl":"https:\/\/www.durapalm.com\/wp-content\/uploads\/2024\/12\/our_story1-1.jpg"},{"@type":"BreadcrumbList","@id":"https:\/\/www.durapalm.com\/about\/#breadcrumb","itemListElement":[{"@type":"ListItem","position":1,"name":"Home","item":"https:\/\/www.durapalm.com\/"},{"@type":"ListItem","position":2,"name":"Our Story"}]},{"@type":"WebSite","@id":"https:\/\/www.durapalm.com\/#website","url":"https:\/\/www.durapalm.com\/","name":"Durapalm","description":"Pavimenti, compensati e pannelli in legno di palma","publisher":{"@id":"https:\/\/www.durapalm.com\/#organization"},"potentialAction":[{"@type":"SearchAction","target":{"@type":"EntryPoint","urlTemplate":"https:\/\/www.durapalm.com\/?s={search_term_string}"},"query-input":{"@type":"PropertyValueSpecification","valueRequired":true,"valueName":"search_term_string"}}],"inLanguage":"it-IT"},{"@type":"Organization","@id":"https:\/\/www.durapalm.com\/#organization","name":"Durapalm","url":"https:\/\/www.durapalm.com\/","logo":{"@type":"ImageObject","inLanguage":"it-IT","@id":"https:\/\/www.durapalm.com\/#\/schema\/logo\/image\/","url":"https:\/\/www.durapalm.com\/wp-content\/uploads\/2024\/11\/durapalm_logo.svg","contentUrl":"https:\/\/www.durapalm.com\/wp-content\/uploads\/2024\/11\/durapalm_logo.svg","width":430,"height":215,"caption":"Durapalm"},"image":{"@id":"https:\/\/www.durapalm.com\/#\/schema\/logo\/image\/"}}]}},"_links":{"self":[{"href":"https:\/\/www.durapalm.com\/it\/wp-json\/wp\/v2\/pages\/1314","targetHints":{"allow":["GET"]}}],"collection":[{"href":"https:\/\/www.durapalm.com\/it\/wp-json\/wp\/v2\/pages"}],"about":[{"href":"https:\/\/www.durapalm.com\/it\/wp-json\/wp\/v2\/types\/page"}],"author":[{"embeddable":true,"href":"https:\/\/www.durapalm.com\/it\/wp-json\/wp\/v2\/users\/1"}],"replies":[{"embeddable":true,"href":"https:\/\/www.durapalm.com\/it\/wp-json\/wp\/v2\/comments?post=1314"}],"version-history":[{"count":0,"href":"https:\/\/www.durapalm.com\/it\/wp-json\/wp\/v2\/pages\/1314\/revisions"}],"wp:attachment":[{"href":"https:\/\/www.durapalm.com\/it\/wp-json\/wp\/v2\/media?parent=1314"}],"curies":[{"name":"wp","href":"https:\/\/api.w.org\/{rel}","templated":true}]}}