{"id":1715,"date":"2025-01-04T03:51:00","date_gmt":"2025-01-04T03:51:00","guid":{"rendered":"https:\/\/www.durapalm.com\/?page_id=1715"},"modified":"2025-02-07T00:22:04","modified_gmt":"2025-02-07T00:22:04","slug":"ceu","status":"publish","type":"page","link":"https:\/\/www.durapalm.com\/fr\/ceu\/","title":{"rendered":"CEU"},"content":{"rendered":"<div data-elementor-type=\"wp-page\" data-elementor-id=\"1715\" class=\"elementor elementor-1715\" data-elementor-post-type=\"page\">\n\t\t\t\t<div class=\"elementor-element elementor-element-201c9d3 e-con-full e-flex e-con e-parent\" data-id=\"201c9d3\" data-element_type=\"container\" data-e-type=\"container\" data-settings=\"{&quot;background_background&quot;:&quot;classic&quot;}\">\n\t\t\t\t<div class=\"elementor-element elementor-element-4c9b795 elementor-widget__width-initial elementor-widget elementor-widget-heading\" data-id=\"4c9b795\" data-element_type=\"widget\" data-e-type=\"widget\" data-widget_type=\"heading.default\">\n\t\t\t\t<div class=\"elementor-widget-container\">\n\t\t\t\t\t<h1 class=\"elementor-heading-title elementor-size-default\">CEU : Les possibilit\u00e9s de conception du palmier<\/h1>\t\t\t\t<\/div>\n\t\t\t\t<\/div>\n\t\t\t\t<\/div>\n\t\t<div class=\"elementor-element elementor-element-9443cb8 e-flex e-con-boxed e-con e-parent\" data-id=\"9443cb8\" data-element_type=\"container\" data-e-type=\"container\">\n\t\t\t\t\t<div class=\"e-con-inner\">\n\t\t\t\t<div class=\"elementor-element elementor-element-cc1c9b2 elementor-widget elementor-widget-text-editor\" data-id=\"cc1c9b2\" data-element_type=\"widget\" data-e-type=\"widget\" data-widget_type=\"text-editor.default\">\n\t\t\t\t<div class=\"elementor-widget-container\">\n\t\t\t\t\t\t\t\t\t<p><span style=\"font-weight: 400;\">Am\u00e9liorez votre compr\u00e9hension de la conception durable avec notre cours de formation continue accr\u00e9dit\u00e9 sur la conception avec du bois de palmier. Ce cours explore les qualit\u00e9s uniques du bois de palmier, de ses riches textures et de sa durabilit\u00e9 \u00e0 ses avantages environnementaux, offrant aux architectes un aper\u00e7u des moyens novateurs d'incorporer des mat\u00e9riaux renouvelables. Obtenez des cr\u00e9dits CEU tout en acqu\u00e9rant des connaissances pr\u00e9cieuses sur l'utilisation du bois de palmier dans les projets r\u00e9sidentiels et commerciaux.<\/span><\/p>\t\t\t\t\t\t\t\t<\/div>\n\t\t\t\t<\/div>\n\t\t\t\t<div class=\"elementor-element elementor-element-a6dcd74 elementor-align-center elementor-widget elementor-widget-button\" data-id=\"a6dcd74\" data-element_type=\"widget\" data-e-type=\"widget\" data-widget_type=\"button.default\">\n\t\t\t\t<div class=\"elementor-widget-container\">\n\t\t\t\t\t\t\t\t\t<div class=\"elementor-button-wrapper\">\n\t\t\t\t\t<a class=\"elementor-button elementor-button-link elementor-size-sm\" href=\"https:\/\/www.aecdaily.com\/course.php?node_id=2188652\" target=\"_blank\">\n\t\t\t\t\t\t<span class=\"elementor-button-content-wrapper\">\n\t\t\t\t\t\t\t\t\t<span class=\"elementor-button-text\">En savoir plus et s'inscrire<\/span>\n\t\t\t\t\t<\/span>\n\t\t\t\t\t<\/a>\n\t\t\t\t<\/div>\n\t\t\t\t\t\t\t\t<\/div>\n\t\t\t\t<\/div>\n\t\t\t\t<div class=\"elementor-element elementor-element-9c55783 elementor-widget elementor-widget-text-editor\" data-id=\"9c55783\" data-element_type=\"widget\" data-e-type=\"widget\" data-widget_type=\"text-editor.default\">\n\t\t\t\t<div class=\"elementor-widget-container\">\n\t\t\t\t\t\t\t\t\t<h4><b>D\u00e9tails du cours<\/b><\/h4><p><span style=\"font-weight: 400;\"><strong>Dur\u00e9e de l'enqu\u00eate :<\/strong> Environ 1 heure, \u00e0 votre rythme<\/span><\/p><p><span style=\"font-weight: 400;\"><strong>Co\u00fbt :<\/strong> GRATUIT<\/span><\/p><p><strong>Accr\u00e9ditation : <\/strong><span style=\"font-weight: 400;\">Ce cours est activement enregistr\u00e9 aupr\u00e8s de 30 associations professionnelles, dont l'AIA, le GBCI et l'ACIA.<\/span><\/p>\t\t\t\t\t\t\t\t<\/div>\n\t\t\t\t<\/div>\n\t\t\t\t<div class=\"elementor-element elementor-element-0c816d3 elementor-widget elementor-widget-gallery\" data-id=\"0c816d3\" data-element_type=\"widget\" data-e-type=\"widget\" data-settings=\"{&quot;gallery_layout&quot;:&quot;masonry&quot;,&quot;columns&quot;:8,&quot;columns_tablet&quot;:6,&quot;columns_mobile&quot;:3,&quot;gap&quot;:{&quot;unit&quot;:&quot;px&quot;,&quot;size&quot;:21,&quot;sizes&quot;:[]},&quot;lazyload&quot;:&quot;yes&quot;,&quot;gap_tablet&quot;:{&quot;unit&quot;:&quot;px&quot;,&quot;size&quot;:10,&quot;sizes&quot;:[]},&quot;gap_mobile&quot;:{&quot;unit&quot;:&quot;px&quot;,&quot;size&quot;:10,&quot;sizes&quot;:[]},&quot;overlay_background&quot;:&quot;yes&quot;,&quot;content_hover_animation&quot;:&quot;fade-in&quot;}\" data-widget_type=\"gallery.default\">\n\t\t\t\t<div class=\"elementor-widget-container\">\n\t\t\t\t\t\t\t<div class=\"elementor-gallery__container\">\n\t\t\t\t\t\t\t<div class=\"e-gallery-item elementor-gallery-item elementor-animated-content\">\n\t\t\t\t\t<div class=\"e-gallery-image elementor-gallery-item__image\" data-thumbnail=\"https:\/\/www.durapalm.com\/wp-content\/uploads\/2025\/01\/aaa.png\" data-width=\"268\" data-height=\"100\" aria-label=\"\" role=\"img\" ><\/div>\n\t\t\t\t\t\t\t\t\t\t\t<div class=\"elementor-gallery-item__overlay\"><\/div>\n\t\t\t\t\t\t\t\t\t\t\t\t\t\t<\/div>\n\t\t\t\t\t\t\t<div class=\"e-gallery-item elementor-gallery-item elementor-animated-content\">\n\t\t\t\t\t<div class=\"e-gallery-image elementor-gallery-item__image\" data-thumbnail=\"https:\/\/www.durapalm.com\/wp-content\/uploads\/2025\/01\/aanb_90px.png\" data-width=\"100\" data-height=\"100\" aria-label=\"\" role=\"img\" ><\/div>\n\t\t\t\t\t\t\t\t\t\t\t<div class=\"elementor-gallery-item__overlay\"><\/div>\n\t\t\t\t\t\t\t\t\t\t\t\t\t\t<\/div>\n\t\t\t\t\t\t\t<div class=\"e-gallery-item elementor-gallery-item elementor-animated-content\">\n\t\t\t\t\t<div class=\"e-gallery-image elementor-gallery-item__image\" data-thumbnail=\"https:\/\/www.durapalm.com\/wp-content\/uploads\/2025\/01\/aapei-300x69.png\" data-width=\"300\" data-height=\"69\" aria-label=\"\" role=\"img\" ><\/div>\n\t\t\t\t\t\t\t\t\t\t\t<div class=\"elementor-gallery-item__overlay\"><\/div>\n\t\t\t\t\t\t\t\t\t\t\t\t\t\t<\/div>\n\t\t\t\t\t\t\t<div class=\"e-gallery-item elementor-gallery-item elementor-animated-content\">\n\t\t\t\t\t<div class=\"e-gallery-image elementor-gallery-item__image\" data-thumbnail=\"https:\/\/www.durapalm.com\/wp-content\/uploads\/2025\/01\/acia.png\" data-width=\"200\" data-height=\"100\" aria-label=\"\" role=\"img\" ><\/div>\n\t\t\t\t\t\t\t\t\t\t\t<div class=\"elementor-gallery-item__overlay\"><\/div>\n\t\t\t\t\t\t\t\t\t\t\t\t\t\t<\/div>\n\t\t\t\t\t\t\t<div class=\"e-gallery-item elementor-gallery-item elementor-animated-content\">\n\t\t\t\t\t<div class=\"e-gallery-image elementor-gallery-item__image\" data-thumbnail=\"https:\/\/www.durapalm.com\/wp-content\/uploads\/2025\/01\/aia-logo-usa.png\" data-width=\"246\" data-height=\"100\" aria-label=\"\" role=\"img\" ><\/div>\n\t\t\t\t\t\t\t\t\t\t\t<div class=\"elementor-gallery-item__overlay\"><\/div>\n\t\t\t\t\t\t\t\t\t\t\t\t\t\t<\/div>\n\t\t\t\t\t\t\t<div class=\"e-gallery-item elementor-gallery-item elementor-animated-content\">\n\t\t\t\t\t<div class=\"e-gallery-image elementor-gallery-item__image\" data-thumbnail=\"https:\/\/www.durapalm.com\/wp-content\/uploads\/2025\/01\/aibc.png\" data-width=\"225\" data-height=\"100\" aria-label=\"\" role=\"img\" ><\/div>\n\t\t\t\t\t\t\t\t\t\t\t<div class=\"elementor-gallery-item__overlay\"><\/div>\n\t\t\t\t\t\t\t\t\t\t\t\t\t\t<\/div>\n\t\t\t\t\t\t\t<div class=\"e-gallery-item elementor-gallery-item elementor-animated-content\">\n\t\t\t\t\t<div class=\"e-gallery-image elementor-gallery-item__image\" data-thumbnail=\"https:\/\/www.durapalm.com\/wp-content\/uploads\/2025\/01\/aibd.png\" data-width=\"200\" data-height=\"100\" aria-label=\"\" role=\"img\" ><\/div>\n\t\t\t\t\t\t\t\t\t\t\t<div class=\"elementor-gallery-item__overlay\"><\/div>\n\t\t\t\t\t\t\t\t\t\t\t\t\t\t<\/div>\n\t\t\t\t\t\t\t<div class=\"e-gallery-item elementor-gallery-item elementor-animated-content\">\n\t\t\t\t\t<div class=\"e-gallery-image elementor-gallery-item__image\" data-thumbnail=\"https:\/\/www.durapalm.com\/wp-content\/uploads\/2025\/01\/aic.png\" data-width=\"200\" data-height=\"100\" aria-label=\"\" role=\"img\" ><\/div>\n\t\t\t\t\t\t\t\t\t\t\t<div class=\"elementor-gallery-item__overlay\"><\/div>\n\t\t\t\t\t\t\t\t\t\t\t\t\t\t<\/div>\n\t\t\t\t\t\t\t<div class=\"e-gallery-item elementor-gallery-item elementor-animated-content\">\n\t\t\t\t\t<div class=\"e-gallery-image elementor-gallery-item__image\" data-thumbnail=\"https:\/\/www.durapalm.com\/wp-content\/uploads\/2025\/01\/bomi.png\" data-width=\"133\" data-height=\"100\" aria-label=\"\" role=\"img\" ><\/div>\n\t\t\t\t\t\t\t\t\t\t\t<div class=\"elementor-gallery-item__overlay\"><\/div>\n\t\t\t\t\t\t\t\t\t\t\t\t\t\t<\/div>\n\t\t\t\t\t\t\t<div class=\"e-gallery-item elementor-gallery-item elementor-animated-content\">\n\t\t\t\t\t<div class=\"e-gallery-image elementor-gallery-item__image\" data-thumbnail=\"https:\/\/www.durapalm.com\/wp-content\/uploads\/2025\/01\/cahpi.png\" data-width=\"135\" data-height=\"100\" aria-label=\"\" role=\"img\" ><\/div>\n\t\t\t\t\t\t\t\t\t\t\t<div class=\"elementor-gallery-item__overlay\"><\/div>\n\t\t\t\t\t\t\t\t\t\t\t\t\t\t<\/div>\n\t\t\t\t\t\t\t<div class=\"e-gallery-item elementor-gallery-item elementor-animated-content\">\n\t\t\t\t\t<div class=\"e-gallery-image elementor-gallery-item__image\" data-thumbnail=\"https:\/\/www.durapalm.com\/wp-content\/uploads\/2025\/01\/ccidc.png\" data-width=\"167\" data-height=\"100\" aria-label=\"\" role=\"img\" ><\/div>\n\t\t\t\t\t\t\t\t\t\t\t<div class=\"elementor-gallery-item__overlay\"><\/div>\n\t\t\t\t\t\t\t\t\t\t\t\t\t\t<\/div>\n\t\t\t\t\t\t\t<div class=\"e-gallery-item elementor-gallery-item elementor-animated-content\">\n\t\t\t\t\t<div class=\"e-gallery-image elementor-gallery-item__image\" data-thumbnail=\"https:\/\/www.durapalm.com\/wp-content\/uploads\/2025\/01\/csc.png\" data-width=\"240\" data-height=\"100\" aria-label=\"\" role=\"img\" ><\/div>\n\t\t\t\t\t\t\t\t\t\t\t<div class=\"elementor-gallery-item__overlay\"><\/div>\n\t\t\t\t\t\t\t\t\t\t\t\t\t\t<\/div>\n\t\t\t\t\t\t\t<div class=\"e-gallery-item elementor-gallery-item elementor-animated-content\">\n\t\t\t\t\t<div class=\"e-gallery-image elementor-gallery-item__image\" data-thumbnail=\"https:\/\/www.durapalm.com\/wp-content\/uploads\/2025\/01\/dda.png\" data-width=\"181\" data-height=\"100\" aria-label=\"\" role=\"img\" ><\/div>\n\t\t\t\t\t\t\t\t\t\t\t<div class=\"elementor-gallery-item__overlay\"><\/div>\n\t\t\t\t\t\t\t\t\t\t\t\t\t\t<\/div>\n\t\t\t\t\t\t\t<div class=\"e-gallery-item elementor-gallery-item elementor-animated-content\">\n\t\t\t\t\t<div class=\"e-gallery-image elementor-gallery-item__image\" data-thumbnail=\"https:\/\/www.durapalm.com\/wp-content\/uploads\/2025\/01\/fbpe.png\" data-width=\"233\" data-height=\"100\" aria-label=\"\" role=\"img\" ><\/div>\n\t\t\t\t\t\t\t\t\t\t\t<div class=\"elementor-gallery-item__overlay\"><\/div>\n\t\t\t\t\t\t\t\t\t\t\t\t\t\t<\/div>\n\t\t\t\t\t\t\t<div class=\"e-gallery-item elementor-gallery-item elementor-animated-content\">\n\t\t\t\t\t<div class=\"e-gallery-image elementor-gallery-item__image\" data-thumbnail=\"https:\/\/www.durapalm.com\/wp-content\/uploads\/2025\/01\/gbci.jpg\" data-width=\"200\" data-height=\"100\" aria-label=\"\" role=\"img\" ><\/div>\n\t\t\t\t\t\t\t\t\t\t\t<div class=\"elementor-gallery-item__overlay\"><\/div>\n\t\t\t\t\t\t\t\t\t\t\t\t\t\t<\/div>\n\t\t\t\t\t\t\t<div class=\"e-gallery-item elementor-gallery-item elementor-animated-content\">\n\t\t\t\t\t<div class=\"e-gallery-image elementor-gallery-item__image\" data-thumbnail=\"https:\/\/www.durapalm.com\/wp-content\/uploads\/2025\/01\/hsw.png\" data-width=\"199\" data-height=\"100\" aria-label=\"\" role=\"img\" ><\/div>\n\t\t\t\t\t\t\t\t\t\t\t<div class=\"elementor-gallery-item__overlay\"><\/div>\n\t\t\t\t\t\t\t\t\t\t\t\t\t\t<\/div>\n\t\t\t\t\t\t\t<div class=\"e-gallery-item elementor-gallery-item elementor-animated-content\">\n\t\t\t\t\t<div class=\"e-gallery-image elementor-gallery-item__image\" data-thumbnail=\"https:\/\/www.durapalm.com\/wp-content\/uploads\/2025\/01\/idcec.png\" data-width=\"187\" data-height=\"100\" aria-label=\"\" role=\"img\" ><\/div>\n\t\t\t\t\t\t\t\t\t\t\t<div class=\"elementor-gallery-item__overlay\"><\/div>\n\t\t\t\t\t\t\t\t\t\t\t\t\t\t<\/div>\n\t\t\t\t\t\t\t<div class=\"e-gallery-item elementor-gallery-item elementor-animated-content\">\n\t\t\t\t\t<div class=\"e-gallery-image elementor-gallery-item__image\" data-thumbnail=\"https:\/\/www.durapalm.com\/wp-content\/uploads\/2025\/01\/internachi.png\" data-width=\"100\" data-height=\"100\" aria-label=\"\" role=\"img\" ><\/div>\n\t\t\t\t\t\t\t\t\t\t\t<div class=\"elementor-gallery-item__overlay\"><\/div>\n\t\t\t\t\t\t\t\t\t\t\t\t\t\t<\/div>\n\t\t\t\t\t\t\t<div class=\"e-gallery-item elementor-gallery-item elementor-animated-content\">\n\t\t\t\t\t<div class=\"e-gallery-image elementor-gallery-item__image\" data-thumbnail=\"https:\/\/www.durapalm.com\/wp-content\/uploads\/2025\/01\/lsbae.png\" data-width=\"240\" data-height=\"100\" aria-label=\"\" role=\"img\" ><\/div>\n\t\t\t\t\t\t\t\t\t\t\t<div class=\"elementor-gallery-item__overlay\"><\/div>\n\t\t\t\t\t\t\t\t\t\t\t\t\t\t<\/div>\n\t\t\t\t\t\t\t<div class=\"e-gallery-item elementor-gallery-item elementor-animated-content\">\n\t\t\t\t\t<div class=\"e-gallery-image elementor-gallery-item__image\" data-thumbnail=\"https:\/\/www.durapalm.com\/wp-content\/uploads\/2025\/01\/lsbid.png\" data-width=\"100\" data-height=\"100\" aria-label=\"\" role=\"img\" ><\/div>\n\t\t\t\t\t\t\t\t\t\t\t<div class=\"elementor-gallery-item__overlay\"><\/div>\n\t\t\t\t\t\t\t\t\t\t\t\t\t\t<\/div>\n\t\t\t\t\t\t\t<div class=\"e-gallery-item elementor-gallery-item elementor-animated-content\">\n\t\t\t\t\t<div class=\"e-gallery-image elementor-gallery-item__image\" data-thumbnail=\"https:\/\/www.durapalm.com\/wp-content\/uploads\/2025\/01\/nahb.png\" data-width=\"164\" data-height=\"100\" aria-label=\"\" role=\"img\" ><\/div>\n\t\t\t\t\t\t\t\t\t\t\t<div class=\"elementor-gallery-item__overlay\"><\/div>\n\t\t\t\t\t\t\t\t\t\t\t\t\t\t<\/div>\n\t\t\t\t\t\t\t<div class=\"e-gallery-item elementor-gallery-item elementor-animated-content\">\n\t\t\t\t\t<div class=\"e-gallery-image elementor-gallery-item__image\" data-thumbnail=\"https:\/\/www.durapalm.com\/wp-content\/uploads\/2025\/01\/nari.png\" data-width=\"111\" data-height=\"100\" aria-label=\"\" role=\"img\" ><\/div>\n\t\t\t\t\t\t\t\t\t\t\t<div class=\"elementor-gallery-item__overlay\"><\/div>\n\t\t\t\t\t\t\t\t\t\t\t\t\t\t<\/div>\n\t\t\t\t\t\t\t<div class=\"e-gallery-item elementor-gallery-item elementor-animated-content\">\n\t\t\t\t\t<div class=\"e-gallery-image elementor-gallery-item__image\" data-thumbnail=\"https:\/\/www.durapalm.com\/wp-content\/uploads\/2025\/01\/nkba-300x65.png\" data-width=\"300\" data-height=\"65\" aria-label=\"\" role=\"img\" ><\/div>\n\t\t\t\t\t\t\t\t\t\t\t<div class=\"elementor-gallery-item__overlay\"><\/div>\n\t\t\t\t\t\t\t\t\t\t\t\t\t\t<\/div>\n\t\t\t\t\t\t\t<div class=\"e-gallery-item elementor-gallery-item elementor-animated-content\">\n\t\t\t\t\t<div class=\"e-gallery-image elementor-gallery-item__image\" data-thumbnail=\"https:\/\/www.durapalm.com\/wp-content\/uploads\/2025\/01\/nlaa.png\" data-width=\"100\" data-height=\"100\" aria-label=\"\" role=\"img\" ><\/div>\n\t\t\t\t\t\t\t\t\t\t\t<div class=\"elementor-gallery-item__overlay\"><\/div>\n\t\t\t\t\t\t\t\t\t\t\t\t\t\t<\/div>\n\t\t\t\t\t\t\t<div class=\"e-gallery-item elementor-gallery-item elementor-animated-content\">\n\t\t\t\t\t<div class=\"e-gallery-image elementor-gallery-item__image\" data-thumbnail=\"https:\/\/www.durapalm.com\/wp-content\/uploads\/2025\/01\/NWTAA90px.gif\" data-width=\"101\" data-height=\"100\" aria-label=\"\" role=\"img\" ><\/div>\n\t\t\t\t\t\t\t\t\t\t\t<div class=\"elementor-gallery-item__overlay\"><\/div>\n\t\t\t\t\t\t\t\t\t\t\t\t\t\t<\/div>\n\t\t\t\t\t\t\t<div class=\"e-gallery-item elementor-gallery-item elementor-animated-content\">\n\t\t\t\t\t<div class=\"e-gallery-image elementor-gallery-item__image\" data-thumbnail=\"https:\/\/www.durapalm.com\/wp-content\/uploads\/2025\/01\/oaa-300x78.png\" data-width=\"300\" data-height=\"78\" aria-label=\"\" role=\"img\" ><\/div>\n\t\t\t\t\t\t\t\t\t\t\t<div class=\"elementor-gallery-item__overlay\"><\/div>\n\t\t\t\t\t\t\t\t\t\t\t\t\t\t<\/div>\n\t\t\t\t\t\t\t<div class=\"e-gallery-item elementor-gallery-item elementor-animated-content\">\n\t\t\t\t\t<div class=\"e-gallery-image elementor-gallery-item__image\" data-thumbnail=\"https:\/\/www.durapalm.com\/wp-content\/uploads\/2025\/01\/oaq-300x80.png\" data-width=\"300\" data-height=\"80\" aria-label=\"\" role=\"img\" ><\/div>\n\t\t\t\t\t\t\t\t\t\t\t<div class=\"elementor-gallery-item__overlay\"><\/div>\n\t\t\t\t\t\t\t\t\t\t\t\t\t\t<\/div>\n\t\t\t\t\t\t\t<div class=\"e-gallery-item elementor-gallery-item elementor-animated-content\">\n\t\t\t\t\t<div class=\"e-gallery-image elementor-gallery-item__image\" data-thumbnail=\"https:\/\/www.durapalm.com\/wp-content\/uploads\/2025\/01\/rcep.png\" data-width=\"135\" data-height=\"100\" aria-label=\"\" role=\"img\" ><\/div>\n\t\t\t\t\t\t\t\t\t\t\t<div class=\"elementor-gallery-item__overlay\"><\/div>\n\t\t\t\t\t\t\t\t\t\t\t\t\t\t<\/div>\n\t\t\t\t\t\t\t<div class=\"e-gallery-item elementor-gallery-item elementor-animated-content\">\n\t\t\t\t\t<div class=\"e-gallery-image elementor-gallery-item__image\" data-thumbnail=\"https:\/\/www.durapalm.com\/wp-content\/uploads\/2025\/01\/rmmi.png\" data-width=\"240\" data-height=\"100\" aria-label=\"\" role=\"img\" ><\/div>\n\t\t\t\t\t\t\t\t\t\t\t<div class=\"elementor-gallery-item__overlay\"><\/div>\n\t\t\t\t\t\t\t\t\t\t\t\t\t\t<\/div>\n\t\t\t\t\t\t\t<div class=\"e-gallery-item elementor-gallery-item elementor-animated-content\">\n\t\t\t\t\t<div class=\"e-gallery-image elementor-gallery-item__image\" data-thumbnail=\"https:\/\/www.durapalm.com\/wp-content\/uploads\/2025\/01\/saa.jpg\" data-width=\"145\" data-height=\"100\" aria-label=\"\" role=\"img\" ><\/div>\n\t\t\t\t\t\t\t\t\t\t\t<div class=\"elementor-gallery-item__overlay\"><\/div>\n\t\t\t\t\t\t\t\t\t\t\t\t\t\t<\/div>\n\t\t\t\t\t<\/div>\n\t\t\t\t\t<\/div>\n\t\t\t\t<\/div>\n\t\t\t\t\t<\/div>\n\t\t\t\t<\/div>\n\t\t\t\t<\/div>","protected":false},"excerpt":{"rendered":"<p>CEU: The Design Possibilities of Palm Enhance your understanding of sustainable design with our accredited continuing education course on designing with palm wood. This course explores the unique qualities of palm wood, from its rich textures and durability to its environmental benefits, offering architects insight into innovative ways to incorporate renewable materials. Earn CEU credits [&hellip;]<\/p>\n","protected":false},"author":1,"featured_media":1431,"parent":0,"menu_order":0,"comment_status":"closed","ping_status":"closed","template":"","meta":{"footnotes":""},"class_list":["post-1715","page","type-page","status-publish","has-post-thumbnail","hentry"],"yoast_head":"<!-- This site is optimized with the Yoast SEO plugin v27.4 - https:\/\/yoast.com\/product\/yoast-seo-wordpress\/ -->\n<title>The Design Possibilities of Palm CEU - Durapalm<\/title>\n<meta name=\"description\" content=\"Enhance your understanding of sustainable design with our accredited continuing education course on designing with palm wood.\" \/>\n<meta name=\"robots\" content=\"index, follow, max-snippet:-1, max-image-preview:large, max-video-preview:-1\" \/>\n<link rel=\"canonical\" href=\"https:\/\/www.durapalm.com\/fr\/ceu\/\" \/>\n<meta property=\"og:locale\" content=\"fr_FR\" \/>\n<meta property=\"og:type\" content=\"article\" \/>\n<meta property=\"og:title\" content=\"The Design Possibilities of Palm CEU - Durapalm\" \/>\n<meta property=\"og:description\" content=\"Enhance your understanding of sustainable design with our accredited continuing education course on designing with palm wood.\" \/>\n<meta property=\"og:url\" content=\"https:\/\/www.durapalm.com\/fr\/ceu\/\" \/>\n<meta property=\"og:site_name\" content=\"Durapalm\" \/>\n<meta property=\"article:modified_time\" content=\"2025-02-07T00:22:04+00:00\" \/>\n<meta property=\"og:image\" content=\"https:\/\/www.durapalm.com\/wp-content\/uploads\/2024\/12\/Corporate-Meeting-Room.jpg\" \/>\n\t<meta property=\"og:image:width\" content=\"1000\" \/>\n\t<meta property=\"og:image:height\" content=\"750\" \/>\n\t<meta property=\"og:image:type\" content=\"image\/jpeg\" \/>\n<meta name=\"twitter:card\" content=\"summary_large_image\" \/>\n<meta name=\"twitter:label1\" content=\"Dur\u00e9e de lecture estim\u00e9e\" \/>\n\t<meta name=\"twitter:data1\" content=\"1 minute\" \/>\n<!-- \/ Yoast SEO plugin. -->","yoast_head_json":{"title":"Les possibilit\u00e9s de conception de Palm CEU - Durapalm","description":"Am\u00e9liorez votre compr\u00e9hension de la conception durable avec notre cours de formation continue accr\u00e9dit\u00e9 sur la conception avec du bois de palmier.","robots":{"index":"index","follow":"follow","max-snippet":"max-snippet:-1","max-image-preview":"max-image-preview:large","max-video-preview":"max-video-preview:-1"},"canonical":"https:\/\/www.durapalm.com\/fr\/ceu\/","og_locale":"fr_FR","og_type":"article","og_title":"The Design Possibilities of Palm CEU - Durapalm","og_description":"Enhance your understanding of sustainable design with our accredited continuing education course on designing with palm wood.","og_url":"https:\/\/www.durapalm.com\/fr\/ceu\/","og_site_name":"Durapalm","article_modified_time":"2025-02-07T00:22:04+00:00","og_image":[{"width":1000,"height":750,"url":"https:\/\/www.durapalm.com\/wp-content\/uploads\/2024\/12\/Corporate-Meeting-Room.jpg","type":"image\/jpeg"}],"twitter_card":"summary_large_image","twitter_misc":{"Dur\u00e9e de lecture estim\u00e9e":"1 minute"},"schema":{"@context":"https:\/\/schema.org","@graph":[{"@type":"WebPage","@id":"https:\/\/www.durapalm.com\/ceu\/","url":"https:\/\/www.durapalm.com\/ceu\/","name":"Les possibilit\u00e9s de conception de Palm CEU - Durapalm","isPartOf":{"@id":"https:\/\/www.durapalm.com\/#website"},"primaryImageOfPage":{"@id":"https:\/\/www.durapalm.com\/ceu\/#primaryimage"},"image":{"@id":"https:\/\/www.durapalm.com\/ceu\/#primaryimage"},"thumbnailUrl":"https:\/\/www.durapalm.com\/wp-content\/uploads\/2024\/12\/Corporate-Meeting-Room.jpg","datePublished":"2025-01-04T03:51:00+00:00","dateModified":"2025-02-07T00:22:04+00:00","description":"Am\u00e9liorez votre compr\u00e9hension de la conception durable avec notre cours de formation continue accr\u00e9dit\u00e9 sur la conception avec du bois de palmier.","breadcrumb":{"@id":"https:\/\/www.durapalm.com\/ceu\/#breadcrumb"},"inLanguage":"fr-FR","potentialAction":[{"@type":"ReadAction","target":["https:\/\/www.durapalm.com\/ceu\/"]}]},{"@type":"ImageObject","inLanguage":"fr-FR","@id":"https:\/\/www.durapalm.com\/ceu\/#primaryimage","url":"https:\/\/www.durapalm.com\/wp-content\/uploads\/2024\/12\/Corporate-Meeting-Room.jpg","contentUrl":"https:\/\/www.durapalm.com\/wp-content\/uploads\/2024\/12\/Corporate-Meeting-Room.jpg","width":1000,"height":750},{"@type":"BreadcrumbList","@id":"https:\/\/www.durapalm.com\/ceu\/#breadcrumb","itemListElement":[{"@type":"ListItem","position":1,"name":"Home","item":"https:\/\/www.durapalm.com\/"},{"@type":"ListItem","position":2,"name":"CEU"}]},{"@type":"WebSite","@id":"https:\/\/www.durapalm.com\/#website","url":"https:\/\/www.durapalm.com\/","name":"Durapalm","description":"Planchers, contreplaqu\u00e9s et panneaux en bois de palmier","publisher":{"@id":"https:\/\/www.durapalm.com\/#organization"},"potentialAction":[{"@type":"SearchAction","target":{"@type":"EntryPoint","urlTemplate":"https:\/\/www.durapalm.com\/?s={search_term_string}"},"query-input":{"@type":"PropertyValueSpecification","valueRequired":true,"valueName":"search_term_string"}}],"inLanguage":"fr-FR"},{"@type":"Organization","@id":"https:\/\/www.durapalm.com\/#organization","name":"Durapalm","url":"https:\/\/www.durapalm.com\/","logo":{"@type":"ImageObject","inLanguage":"fr-FR","@id":"https:\/\/www.durapalm.com\/#\/schema\/logo\/image\/","url":"https:\/\/www.durapalm.com\/wp-content\/uploads\/2024\/11\/durapalm_logo.svg","contentUrl":"https:\/\/www.durapalm.com\/wp-content\/uploads\/2024\/11\/durapalm_logo.svg","width":430,"height":215,"caption":"Durapalm"},"image":{"@id":"https:\/\/www.durapalm.com\/#\/schema\/logo\/image\/"}}]}},"_links":{"self":[{"href":"https:\/\/www.durapalm.com\/fr\/wp-json\/wp\/v2\/pages\/1715","targetHints":{"allow":["GET"]}}],"collection":[{"href":"https:\/\/www.durapalm.com\/fr\/wp-json\/wp\/v2\/pages"}],"about":[{"href":"https:\/\/www.durapalm.com\/fr\/wp-json\/wp\/v2\/types\/page"}],"author":[{"embeddable":true,"href":"https:\/\/www.durapalm.com\/fr\/wp-json\/wp\/v2\/users\/1"}],"replies":[{"embeddable":true,"href":"https:\/\/www.durapalm.com\/fr\/wp-json\/wp\/v2\/comments?post=1715"}],"version-history":[{"count":0,"href":"https:\/\/www.durapalm.com\/fr\/wp-json\/wp\/v2\/pages\/1715\/revisions"}],"wp:featuredmedia":[{"embeddable":true,"href":"https:\/\/www.durapalm.com\/fr\/wp-json\/wp\/v2\/media\/1431"}],"wp:attachment":[{"href":"https:\/\/www.durapalm.com\/fr\/wp-json\/wp\/v2\/media?parent=1715"}],"curies":[{"name":"wp","href":"https:\/\/api.w.org\/{rel}","templated":true}]}}