{"id":1336,"date":"2024-12-31T16:50:10","date_gmt":"2024-12-31T16:50:10","guid":{"rendered":"https:\/\/www.durapalm.com\/?page_id=1336"},"modified":"2025-02-07T00:28:37","modified_gmt":"2025-02-07T00:28:37","slug":"sustainability","status":"publish","type":"page","link":"https:\/\/www.durapalm.com\/fr\/sustainability\/","title":{"rendered":"Durabilit\u00e9"},"content":{"rendered":"<div data-elementor-type=\"wp-page\" data-elementor-id=\"1336\" class=\"elementor elementor-1336\" data-elementor-post-type=\"page\">\n\t\t\t\t<div class=\"elementor-element elementor-element-201c9d3 e-flex e-con-boxed e-con e-parent\" data-id=\"201c9d3\" data-element_type=\"container\" data-e-type=\"container\" data-settings=\"{&quot;background_background&quot;:&quot;classic&quot;}\">\n\t\t\t\t\t<div class=\"e-con-inner\">\n\t\t\t\t<div class=\"elementor-element elementor-element-4c9b795 elementor-widget__width-initial elementor-widget elementor-widget-heading\" data-id=\"4c9b795\" data-element_type=\"widget\" data-e-type=\"widget\" data-widget_type=\"heading.default\">\n\t\t\t\t<div class=\"elementor-widget-container\">\n\t\t\t\t\t<h1 class=\"elementor-heading-title elementor-size-default\">Durabilit\u00e9<\/h1>\t\t\t\t<\/div>\n\t\t\t\t<\/div>\n\t\t\t\t\t<\/div>\n\t\t\t\t<\/div>\n\t\t<div class=\"elementor-element elementor-element-9443cb8 e-flex e-con-boxed e-con e-parent\" data-id=\"9443cb8\" data-element_type=\"container\" data-e-type=\"container\">\n\t\t\t\t\t<div class=\"e-con-inner\">\n\t\t<div class=\"elementor-element elementor-element-3edc279 e-con-full elementor-hidden-tablet elementor-hidden-mobile e-flex e-con e-child\" data-id=\"3edc279\" data-element_type=\"container\" data-e-type=\"container\">\n\t\t\t\t<div class=\"elementor-element elementor-element-b2db915 elementor-widget__width-inherit side-btn elementor-widget elementor-widget-button\" data-id=\"b2db915\" data-element_type=\"widget\" data-e-type=\"widget\" data-widget_type=\"button.default\">\n\t\t\t\t<div class=\"elementor-widget-container\">\n\t\t\t\t\t\t\t\t\t<div class=\"elementor-button-wrapper\">\n\t\t\t\t\t<a class=\"elementor-button elementor-button-link elementor-size-sm\" href=\"https:\/\/www.durapalm.com\/fr\/about\/\">\n\t\t\t\t\t\t<span class=\"elementor-button-content-wrapper\">\n\t\t\t\t\t\t\t\t\t<span class=\"elementor-button-text\">NOTRE HISTOIRE<\/span>\n\t\t\t\t\t<\/span>\n\t\t\t\t\t<\/a>\n\t\t\t\t<\/div>\n\t\t\t\t\t\t\t\t<\/div>\n\t\t\t\t<\/div>\n\t\t\t\t<div class=\"elementor-element elementor-element-7ea79be elementor-widget__width-inherit side-btn elementor-widget elementor-widget-button\" data-id=\"7ea79be\" data-element_type=\"widget\" data-e-type=\"widget\" data-widget_type=\"button.default\">\n\t\t\t\t<div class=\"elementor-widget-container\">\n\t\t\t\t\t\t\t\t\t<div class=\"elementor-button-wrapper\">\n\t\t\t\t\t<a class=\"elementor-button elementor-button-link elementor-size-sm\" href=\"#\">\n\t\t\t\t\t\t<span class=\"elementor-button-content-wrapper\">\n\t\t\t\t\t\t<span class=\"elementor-button-icon\">\n\t\t\t\t<svg aria-hidden=\"true\" class=\"e-font-icon-svg e-fas-caret-right\" viewbox=\"0 0 192 512\" xmlns=\"http:\/\/www.w3.org\/2000\/svg\"><path d=\"M0 384.662V127.338c0-17.818 21.543-26.741 34.142-14.142l128.662 128.662c7.81 7.81 7.81 20.474 0 28.284L34.142 398.804C21.543 411.404 0 402.48 0 384.662z\"><\/path><\/svg>\t\t\t<\/span>\n\t\t\t\t\t\t\t\t\t<span class=\"elementor-button-text\">DURABILIT\u00c9<\/span>\n\t\t\t\t\t<\/span>\n\t\t\t\t\t<\/a>\n\t\t\t\t<\/div>\n\t\t\t\t\t\t\t\t<\/div>\n\t\t\t\t<\/div>\n\t\t\t\t<\/div>\n\t\t<div class=\"elementor-element elementor-element-364648f e-con-full e-flex e-con e-child\" data-id=\"364648f\" data-element_type=\"container\" data-e-type=\"container\">\n\t\t\t\t<div class=\"elementor-element elementor-element-bce7d09 elementor-widget elementor-widget-heading\" data-id=\"bce7d09\" data-element_type=\"widget\" data-e-type=\"widget\" data-widget_type=\"heading.default\">\n\t\t\t\t<div class=\"elementor-widget-container\">\n\t\t\t\t\t<h4 class=\"elementor-heading-title elementor-size-default\">Approvisionnement durable en bois de palme et impact social<\/h4>\t\t\t\t<\/div>\n\t\t\t\t<\/div>\n\t\t<div class=\"elementor-element elementor-element-8ab660f e-con-full e-flex e-con e-child\" data-id=\"8ab660f\" data-element_type=\"container\" data-e-type=\"container\">\n\t\t<div class=\"elementor-element elementor-element-9c9d190 e-con-full e-flex e-con e-child\" data-id=\"9c9d190\" data-element_type=\"container\" data-e-type=\"container\">\n\t\t\t\t<div class=\"elementor-element elementor-element-1d6ec75 elementor-widget elementor-widget-image\" data-id=\"1d6ec75\" data-element_type=\"widget\" data-e-type=\"widget\" data-widget_type=\"image.default\">\n\t\t\t\t<div class=\"elementor-widget-container\">\n\t\t\t\t\t\t\t\t\t\t\t\t\t\t\t<img fetchpriority=\"high\" decoding=\"async\" width=\"800\" height=\"800\" src=\"https:\/\/www.durapalm.com\/wp-content\/uploads\/2024\/12\/sustainability1.jpg\" class=\"attachment-large size-large wp-image-1371\" alt=\"Palmwood Sources\" srcset=\"https:\/\/www.durapalm.com\/wp-content\/uploads\/2024\/12\/sustainability1.jpg 800w, https:\/\/www.durapalm.com\/wp-content\/uploads\/2024\/12\/sustainability1-300x300.jpg 300w, https:\/\/www.durapalm.com\/wp-content\/uploads\/2024\/12\/sustainability1-150x150.jpg 150w, https:\/\/www.durapalm.com\/wp-content\/uploads\/2024\/12\/sustainability1-768x768.jpg 768w, https:\/\/www.durapalm.com\/wp-content\/uploads\/2024\/12\/sustainability1-400x400.jpg 400w, https:\/\/www.durapalm.com\/wp-content\/uploads\/2024\/12\/sustainability1-600x600.jpg 600w\" sizes=\"(max-width: 800px) 100vw, 800px\" \/>\t\t\t\t\t\t\t\t\t\t\t\t\t\t\t<\/div>\n\t\t\t\t<\/div>\n\t\t\t\t<\/div>\n\t\t<div class=\"elementor-element elementor-element-8c28867 e-con-full e-flex e-con e-child\" data-id=\"8c28867\" data-element_type=\"container\" data-e-type=\"container\">\n\t\t\t\t<div class=\"elementor-element elementor-element-9ae37ff elementor-widget elementor-widget-heading\" data-id=\"9ae37ff\" data-element_type=\"widget\" data-e-type=\"widget\" data-widget_type=\"heading.default\">\n\t\t\t\t<div class=\"elementor-widget-container\">\n\t\t\t\t\t<h4 class=\"elementor-heading-title elementor-size-default\">Nos sources de bois de palmier<\/h4>\t\t\t\t<\/div>\n\t\t\t\t<\/div>\n\t\t\t\t<div class=\"elementor-element elementor-element-9f8698a elementor-widget elementor-widget-text-editor\" data-id=\"9f8698a\" data-element_type=\"widget\" data-e-type=\"widget\" data-widget_type=\"text-editor.default\">\n\t\t\t\t<div class=\"elementor-widget-container\">\n\t\t\t\t\t\t\t\t\t<p><span style=\"font-weight: 400;\">Smith &amp; Fong s'approvisionne en bois de palmier dans des r\u00e9gions riches en palmiers, notamment en Am\u00e9rique centrale, en Afrique, dans les \u00eeles du Pacifique et en Asie du Sud-Est. Dans ces r\u00e9gions, l'industrie du bois de palme est susceptible de cr\u00e9er des emplois durables et d'offrir une alternative \u00e0 l'abattage des arbres anciens, qui sont difficiles \u00e0 remplacer. Apr\u00e8s des recherches approfondies, nous avons choisi l'Inde pour commencer notre voyage dans le bois de palme, s\u00e9duits par les qualit\u00e9s uniques de ce mat\u00e9riau et par son potentiel \u00e0 avoir un impact positif.<\/span><\/p>\t\t\t\t\t\t\t\t<\/div>\n\t\t\t\t<\/div>\n\t\t\t\t<\/div>\n\t\t\t\t<\/div>\n\t\t<div class=\"elementor-element elementor-element-fab7bc7 e-con-full e-flex e-con e-child\" data-id=\"fab7bc7\" data-element_type=\"container\" data-e-type=\"container\">\n\t\t<div class=\"elementor-element elementor-element-0bb4131 e-con-full e-flex e-con e-child\" data-id=\"0bb4131\" data-element_type=\"container\" data-e-type=\"container\">\n\t\t\t\t<div class=\"elementor-element elementor-element-a5b7d6a elementor-widget elementor-widget-image\" data-id=\"a5b7d6a\" data-element_type=\"widget\" data-e-type=\"widget\" data-widget_type=\"image.default\">\n\t\t\t\t<div class=\"elementor-widget-container\">\n\t\t\t\t\t\t\t\t\t\t\t\t\t\t\t<img decoding=\"async\" width=\"800\" height=\"800\" data-src=\"https:\/\/www.durapalm.com\/wp-content\/uploads\/2024\/12\/sustainability2.jpg\" class=\"attachment-large size-large wp-image-1381 lazyload\" alt=\"Palm Wood Production Cycle\" data-srcset=\"https:\/\/www.durapalm.com\/wp-content\/uploads\/2024\/12\/sustainability2.jpg 800w, https:\/\/www.durapalm.com\/wp-content\/uploads\/2024\/12\/sustainability2-300x300.jpg 300w, https:\/\/www.durapalm.com\/wp-content\/uploads\/2024\/12\/sustainability2-150x150.jpg 150w, https:\/\/www.durapalm.com\/wp-content\/uploads\/2024\/12\/sustainability2-768x768.jpg 768w, https:\/\/www.durapalm.com\/wp-content\/uploads\/2024\/12\/sustainability2-400x400.jpg 400w, https:\/\/www.durapalm.com\/wp-content\/uploads\/2024\/12\/sustainability2-600x600.jpg 600w\" data-sizes=\"(max-width: 800px) 100vw, 800px\" src=\"data:image\/svg+xml;base64,PHN2ZyB3aWR0aD0iMSIgaGVpZ2h0PSIxIiB4bWxucz0iaHR0cDovL3d3dy53My5vcmcvMjAwMC9zdmciPjwvc3ZnPg==\" style=\"--smush-placeholder-width: 800px; --smush-placeholder-aspect-ratio: 800\/800;\" \/>\t\t\t\t\t\t\t\t\t\t\t\t\t\t\t<\/div>\n\t\t\t\t<\/div>\n\t\t\t\t<\/div>\n\t\t<div class=\"elementor-element elementor-element-e834768 e-con-full e-flex e-con e-child\" data-id=\"e834768\" data-element_type=\"container\" data-e-type=\"container\">\n\t\t\t\t<div class=\"elementor-element elementor-element-3d70dae elementor-widget elementor-widget-heading\" data-id=\"3d70dae\" data-element_type=\"widget\" data-e-type=\"widget\" data-widget_type=\"heading.default\">\n\t\t\t\t<div class=\"elementor-widget-container\">\n\t\t\t\t\t<h4 class=\"elementor-heading-title elementor-size-default\">Cycle de production durable du palmier \u00e0 huile<\/h4>\t\t\t\t<\/div>\n\t\t\t\t<\/div>\n\t\t\t\t<div class=\"elementor-element elementor-element-1c1c159 elementor-widget elementor-widget-text-editor\" data-id=\"1c1c159\" data-element_type=\"widget\" data-e-type=\"widget\" data-widget_type=\"text-editor.default\">\n\t\t\t\t<div class=\"elementor-widget-container\">\n\t\t\t\t\t\t\t\t\t<p><span style=\"font-weight: 400;\">Notre bois de palme provient de plantations et d'exploitations agricoles, o\u00f9 nous travaillons en harmonie avec le cycle de vie naturel de la production de palme. Nous utilisons principalement des esp\u00e8ces de palmiers \u00e0 sucre et de cocotiers, qui ont une dur\u00e9e de vie productive d'environ 60 ans. Apr\u00e8s cette p\u00e9riode, leur production de fruits ou de noix diminue \u00e0 mesure que la hauteur du palmier augmente, ce qui rend difficile l'acc\u00e8s de l'humidit\u00e9 et des nutriments au sommet. \u00c0 ce stade, la replantation est id\u00e9ale, et nous intervenons pour fournir une source de revenus suppl\u00e9mentaire aux agriculteurs, qui sont souvent de petits propri\u00e9taires terriens de moins de 10 acres. Cette approche garantit une relation symbiotique qui profite \u00e0 la fois \u00e0 l'environnement et aux agriculteurs.<\/span><\/p>\t\t\t\t\t\t\t\t<\/div>\n\t\t\t\t<\/div>\n\t\t\t\t<\/div>\n\t\t\t\t<\/div>\n\t\t<div class=\"elementor-element elementor-element-e4c0ec3 e-con-full e-flex e-con e-child\" data-id=\"e4c0ec3\" data-element_type=\"container\" data-e-type=\"container\">\n\t\t<div class=\"elementor-element elementor-element-afb1121 e-con-full e-flex e-con e-child\" data-id=\"afb1121\" data-element_type=\"container\" data-e-type=\"container\">\n\t\t\t\t<div class=\"elementor-element elementor-element-2fd0d2c elementor-widget elementor-widget-image\" data-id=\"2fd0d2c\" data-element_type=\"widget\" data-e-type=\"widget\" data-widget_type=\"image.default\">\n\t\t\t\t<div class=\"elementor-widget-container\">\n\t\t\t\t\t\t\t\t\t\t\t\t\t\t\t<img decoding=\"async\" width=\"800\" height=\"800\" data-src=\"https:\/\/www.durapalm.com\/wp-content\/uploads\/2024\/12\/sustainability3.jpg\" class=\"attachment-large size-large wp-image-1382 lazyload\" alt=\"\" data-srcset=\"https:\/\/www.durapalm.com\/wp-content\/uploads\/2024\/12\/sustainability3.jpg 800w, https:\/\/www.durapalm.com\/wp-content\/uploads\/2024\/12\/sustainability3-300x300.jpg 300w, https:\/\/www.durapalm.com\/wp-content\/uploads\/2024\/12\/sustainability3-150x150.jpg 150w, https:\/\/www.durapalm.com\/wp-content\/uploads\/2024\/12\/sustainability3-768x768.jpg 768w, https:\/\/www.durapalm.com\/wp-content\/uploads\/2024\/12\/sustainability3-400x400.jpg 400w, https:\/\/www.durapalm.com\/wp-content\/uploads\/2024\/12\/sustainability3-600x600.jpg 600w\" data-sizes=\"(max-width: 800px) 100vw, 800px\" src=\"data:image\/svg+xml;base64,PHN2ZyB3aWR0aD0iMSIgaGVpZ2h0PSIxIiB4bWxucz0iaHR0cDovL3d3dy53My5vcmcvMjAwMC9zdmciPjwvc3ZnPg==\" style=\"--smush-placeholder-width: 800px; --smush-placeholder-aspect-ratio: 800\/800;\" \/>\t\t\t\t\t\t\t\t\t\t\t\t\t\t\t<\/div>\n\t\t\t\t<\/div>\n\t\t\t\t<\/div>\n\t\t<div class=\"elementor-element elementor-element-8d5d861 e-con-full e-flex e-con e-child\" data-id=\"8d5d861\" data-element_type=\"container\" data-e-type=\"container\">\n\t\t\t\t<div class=\"elementor-element elementor-element-01f7974 elementor-widget elementor-widget-heading\" data-id=\"01f7974\" data-element_type=\"widget\" data-e-type=\"widget\" data-widget_type=\"heading.default\">\n\t\t\t\t<div class=\"elementor-widget-container\">\n\t\t\t\t\t<h4 class=\"elementor-heading-title elementor-size-default\">Transformation et fabrication innovantes<\/h4>\t\t\t\t<\/div>\n\t\t\t\t<\/div>\n\t\t\t\t<div class=\"elementor-element elementor-element-4593339 elementor-widget elementor-widget-text-editor\" data-id=\"4593339\" data-element_type=\"widget\" data-e-type=\"widget\" data-widget_type=\"text-editor.default\">\n\t\t\t\t<div class=\"elementor-widget-container\">\n\t\t\t\t\t\t\t\t\t<p><span style=\"font-weight: 400;\">La fabrication de produits en bois de palmier est un processus complexe qui n\u00e9cessite des m\u00e9thodes sp\u00e9cialis\u00e9es. Contrairement aux bois durs traditionnels, le bois de palmier est plus tendre \u00e0 c\u0153ur et plus dense dans ses couches ext\u00e9rieures. Conscients de ces caract\u00e9ristiques uniques, nous avons mis au point des techniques et des \u00e9quipements adapt\u00e9s au palmier, ce qui nous permet de fabriquer des produits durables et magnifiques, notamment des contreplaqu\u00e9s, des panneaux, des placages et des rev\u00eatements de sol. Cette volont\u00e9 d'innovation nous permet de mettre sur le march\u00e9 les qualit\u00e9s exceptionnelles du bois de palmier.<\/span><\/p>\t\t\t\t\t\t\t\t<\/div>\n\t\t\t\t<\/div>\n\t\t\t\t<\/div>\n\t\t\t\t<\/div>\n\t\t<div class=\"elementor-element elementor-element-8e3a8f2 e-con-full e-flex e-con e-child\" data-id=\"8e3a8f2\" data-element_type=\"container\" data-e-type=\"container\">\n\t\t<div class=\"elementor-element elementor-element-0ec7d03 e-con-full e-flex e-con e-child\" data-id=\"0ec7d03\" data-element_type=\"container\" data-e-type=\"container\">\n\t\t\t\t<div class=\"elementor-element elementor-element-4c51939 elementor-widget elementor-widget-image\" data-id=\"4c51939\" data-element_type=\"widget\" data-e-type=\"widget\" data-widget_type=\"image.default\">\n\t\t\t\t<div class=\"elementor-widget-container\">\n\t\t\t\t\t\t\t\t\t\t\t\t\t\t\t<img decoding=\"async\" width=\"800\" height=\"800\" data-src=\"https:\/\/www.durapalm.com\/wp-content\/uploads\/2024\/12\/sustainability4.jpg\" class=\"attachment-large size-large wp-image-1383 lazyload\" alt=\"Durapalm Social and Environmental Mission\" data-srcset=\"https:\/\/www.durapalm.com\/wp-content\/uploads\/2024\/12\/sustainability4.jpg 800w, https:\/\/www.durapalm.com\/wp-content\/uploads\/2024\/12\/sustainability4-300x300.jpg 300w, https:\/\/www.durapalm.com\/wp-content\/uploads\/2024\/12\/sustainability4-150x150.jpg 150w, https:\/\/www.durapalm.com\/wp-content\/uploads\/2024\/12\/sustainability4-768x768.jpg 768w, https:\/\/www.durapalm.com\/wp-content\/uploads\/2024\/12\/sustainability4-400x400.jpg 400w, https:\/\/www.durapalm.com\/wp-content\/uploads\/2024\/12\/sustainability4-600x600.jpg 600w\" data-sizes=\"(max-width: 800px) 100vw, 800px\" src=\"data:image\/svg+xml;base64,PHN2ZyB3aWR0aD0iMSIgaGVpZ2h0PSIxIiB4bWxucz0iaHR0cDovL3d3dy53My5vcmcvMjAwMC9zdmciPjwvc3ZnPg==\" style=\"--smush-placeholder-width: 800px; --smush-placeholder-aspect-ratio: 800\/800;\" \/>\t\t\t\t\t\t\t\t\t\t\t\t\t\t\t<\/div>\n\t\t\t\t<\/div>\n\t\t\t\t<\/div>\n\t\t<div class=\"elementor-element elementor-element-cf20f11 e-con-full e-flex e-con e-child\" data-id=\"cf20f11\" data-element_type=\"container\" data-e-type=\"container\">\n\t\t\t\t<div class=\"elementor-element elementor-element-b62a606 elementor-widget elementor-widget-heading\" data-id=\"b62a606\" data-element_type=\"widget\" data-e-type=\"widget\" data-widget_type=\"heading.default\">\n\t\t\t\t<div class=\"elementor-widget-container\">\n\t\t\t\t\t<h4 class=\"elementor-heading-title elementor-size-default\">Notre mission sociale et environnementale<\/h4>\t\t\t\t<\/div>\n\t\t\t\t<\/div>\n\t\t\t\t<div class=\"elementor-element elementor-element-f7ebc71 elementor-widget elementor-widget-text-editor\" data-id=\"f7ebc71\" data-element_type=\"widget\" data-e-type=\"widget\" data-widget_type=\"text-editor.default\">\n\t\t\t\t<div class=\"elementor-widget-container\">\n\t\t\t\t\t\t\t\t\t<p><span style=\"font-weight: 400;\">Au-del\u00e0 de notre travail avec les palmiers, nous nous engageons \u00e0 cr\u00e9er un impact social et environnemental positif dans les communaut\u00e9s o\u00f9 nous op\u00e9rons. En nous engageant dans les cultures et les environnements locaux, nous concevons des programmes qui r\u00e9pondent aux besoins de la communaut\u00e9 et soutiennent des pratiques durables. Gr\u00e2ce \u00e0 un dialogue permanent et au partage d'exp\u00e9riences sur notre site web et les m\u00e9dias sociaux, nous esp\u00e9rons favoriser une meilleure compr\u00e9hension de notre parcours et de notre engagement \u00e0 faire une diff\u00e9rence durable.<\/span><\/p>\t\t\t\t\t\t\t\t<\/div>\n\t\t\t\t<\/div>\n\t\t\t\t<\/div>\n\t\t\t\t<\/div>\n\t\t\t\t<\/div>\n\t\t\t\t\t<\/div>\n\t\t\t\t<\/div>\n\t\t\t\t<\/div>","protected":false},"excerpt":{"rendered":"<p>Sustainability OUR STORY SUSTAINABILITY Sustainable Palm Wood Sourcing and Social Impact Our Palm Wood Sources Smith &amp; Fong sources palm wood from regions rich in palm resources, including Central America, Africa, the Pacific Islands, and Southeast Asia. In these areas, the palm wood industry holds potential for creating sustainable jobs and providing an alternative to [&hellip;]<\/p>\n","protected":false},"author":1,"featured_media":1371,"parent":0,"menu_order":0,"comment_status":"closed","ping_status":"closed","template":"","meta":{"footnotes":""},"class_list":["post-1336","page","type-page","status-publish","has-post-thumbnail","hentry"],"yoast_head":"<!-- This site is optimized with the Yoast SEO plugin v27.3 - https:\/\/yoast.com\/product\/yoast-seo-wordpress\/ -->\n<title>Our Focus on Sustainability - Durapalm<\/title>\n<meta name=\"description\" content=\"Smith &amp; Fong sources palm wood from regions rich in palm resources, including Central America, Africa, the Pacific Islands, and Southeast Asia.\" \/>\n<meta name=\"robots\" content=\"index, follow, max-snippet:-1, max-image-preview:large, max-video-preview:-1\" \/>\n<link rel=\"canonical\" href=\"https:\/\/www.durapalm.com\/fr\/sustainability\/\" \/>\n<meta property=\"og:locale\" content=\"fr_FR\" \/>\n<meta property=\"og:type\" content=\"article\" \/>\n<meta property=\"og:title\" content=\"Our Focus on Sustainability - Durapalm\" \/>\n<meta property=\"og:description\" content=\"Smith &amp; Fong sources palm wood from regions rich in palm resources, including Central America, Africa, the Pacific Islands, and Southeast Asia.\" \/>\n<meta property=\"og:url\" content=\"https:\/\/www.durapalm.com\/fr\/sustainability\/\" \/>\n<meta property=\"og:site_name\" content=\"Durapalm\" \/>\n<meta property=\"article:modified_time\" content=\"2025-02-07T00:28:37+00:00\" \/>\n<meta property=\"og:image\" content=\"https:\/\/www.durapalm.com\/wp-content\/uploads\/2024\/12\/sustainability1.jpg\" \/>\n\t<meta property=\"og:image:width\" content=\"800\" \/>\n\t<meta property=\"og:image:height\" content=\"800\" \/>\n\t<meta property=\"og:image:type\" content=\"image\/jpeg\" \/>\n<meta name=\"twitter:card\" content=\"summary_large_image\" \/>\n<meta name=\"twitter:label1\" content=\"Dur\u00e9e de lecture estim\u00e9e\" \/>\n\t<meta name=\"twitter:data1\" content=\"3 minutes\" \/>\n<!-- \/ Yoast SEO plugin. -->","yoast_head_json":{"title":"Our Focus on Sustainability - Durapalm","description":"Smith & Fong sources palm wood from regions rich in palm resources, including Central America, Africa, the Pacific Islands, and Southeast Asia.","robots":{"index":"index","follow":"follow","max-snippet":"max-snippet:-1","max-image-preview":"max-image-preview:large","max-video-preview":"max-video-preview:-1"},"canonical":"https:\/\/www.durapalm.com\/fr\/sustainability\/","og_locale":"fr_FR","og_type":"article","og_title":"Our Focus on Sustainability - Durapalm","og_description":"Smith & Fong sources palm wood from regions rich in palm resources, including Central America, Africa, the Pacific Islands, and Southeast Asia.","og_url":"https:\/\/www.durapalm.com\/fr\/sustainability\/","og_site_name":"Durapalm","article_modified_time":"2025-02-07T00:28:37+00:00","og_image":[{"width":800,"height":800,"url":"https:\/\/www.durapalm.com\/wp-content\/uploads\/2024\/12\/sustainability1.jpg","type":"image\/jpeg"}],"twitter_card":"summary_large_image","twitter_misc":{"Dur\u00e9e de lecture estim\u00e9e":"3 minutes"},"schema":{"@context":"https:\/\/schema.org","@graph":[{"@type":"WebPage","@id":"https:\/\/www.durapalm.com\/sustainability\/","url":"https:\/\/www.durapalm.com\/sustainability\/","name":"Our Focus on Sustainability - Durapalm","isPartOf":{"@id":"https:\/\/www.durapalm.com\/#website"},"primaryImageOfPage":{"@id":"https:\/\/www.durapalm.com\/sustainability\/#primaryimage"},"image":{"@id":"https:\/\/www.durapalm.com\/sustainability\/#primaryimage"},"thumbnailUrl":"https:\/\/www.durapalm.com\/wp-content\/uploads\/2024\/12\/sustainability1.jpg","datePublished":"2024-12-31T16:50:10+00:00","dateModified":"2025-02-07T00:28:37+00:00","description":"Smith & Fong sources palm wood from regions rich in palm resources, including Central America, Africa, the Pacific Islands, and Southeast Asia.","breadcrumb":{"@id":"https:\/\/www.durapalm.com\/sustainability\/#breadcrumb"},"inLanguage":"fr-FR","potentialAction":[{"@type":"ReadAction","target":["https:\/\/www.durapalm.com\/sustainability\/"]}]},{"@type":"ImageObject","inLanguage":"fr-FR","@id":"https:\/\/www.durapalm.com\/sustainability\/#primaryimage","url":"https:\/\/www.durapalm.com\/wp-content\/uploads\/2024\/12\/sustainability1.jpg","contentUrl":"https:\/\/www.durapalm.com\/wp-content\/uploads\/2024\/12\/sustainability1.jpg","width":800,"height":800,"caption":"Palmwood Sources"},{"@type":"BreadcrumbList","@id":"https:\/\/www.durapalm.com\/sustainability\/#breadcrumb","itemListElement":[{"@type":"ListItem","position":1,"name":"Home","item":"https:\/\/www.durapalm.com\/"},{"@type":"ListItem","position":2,"name":"Sustainability"}]},{"@type":"WebSite","@id":"https:\/\/www.durapalm.com\/#website","url":"https:\/\/www.durapalm.com\/","name":"Durapalm","description":"Planchers, contreplaqu\u00e9s et panneaux en bois de palmier","publisher":{"@id":"https:\/\/www.durapalm.com\/#organization"},"potentialAction":[{"@type":"SearchAction","target":{"@type":"EntryPoint","urlTemplate":"https:\/\/www.durapalm.com\/?s={search_term_string}"},"query-input":{"@type":"PropertyValueSpecification","valueRequired":true,"valueName":"search_term_string"}}],"inLanguage":"fr-FR"},{"@type":"Organization","@id":"https:\/\/www.durapalm.com\/#organization","name":"Durapalm","url":"https:\/\/www.durapalm.com\/","logo":{"@type":"ImageObject","inLanguage":"fr-FR","@id":"https:\/\/www.durapalm.com\/#\/schema\/logo\/image\/","url":"https:\/\/www.durapalm.com\/wp-content\/uploads\/2024\/11\/durapalm_logo.svg","contentUrl":"https:\/\/www.durapalm.com\/wp-content\/uploads\/2024\/11\/durapalm_logo.svg","width":430,"height":215,"caption":"Durapalm"},"image":{"@id":"https:\/\/www.durapalm.com\/#\/schema\/logo\/image\/"}}]}},"_links":{"self":[{"href":"https:\/\/www.durapalm.com\/fr\/wp-json\/wp\/v2\/pages\/1336","targetHints":{"allow":["GET"]}}],"collection":[{"href":"https:\/\/www.durapalm.com\/fr\/wp-json\/wp\/v2\/pages"}],"about":[{"href":"https:\/\/www.durapalm.com\/fr\/wp-json\/wp\/v2\/types\/page"}],"author":[{"embeddable":true,"href":"https:\/\/www.durapalm.com\/fr\/wp-json\/wp\/v2\/users\/1"}],"replies":[{"embeddable":true,"href":"https:\/\/www.durapalm.com\/fr\/wp-json\/wp\/v2\/comments?post=1336"}],"version-history":[{"count":0,"href":"https:\/\/www.durapalm.com\/fr\/wp-json\/wp\/v2\/pages\/1336\/revisions"}],"wp:featuredmedia":[{"embeddable":true,"href":"https:\/\/www.durapalm.com\/fr\/wp-json\/wp\/v2\/media\/1371"}],"wp:attachment":[{"href":"https:\/\/www.durapalm.com\/fr\/wp-json\/wp\/v2\/media?parent=1336"}],"curies":[{"name":"wp","href":"https:\/\/api.w.org\/{rel}","templated":true}]}}