{"id":2074,"date":"2025-01-16T22:48:35","date_gmt":"2025-01-16T22:48:35","guid":{"rendered":"https:\/\/www.durapalm.com\/?page_id=2074"},"modified":"2025-01-30T17:28:48","modified_gmt":"2025-01-30T17:28:48","slug":"distributors-canada","status":"publish","type":"page","link":"https:\/\/www.durapalm.com\/es\/distributors-canada\/","title":{"rendered":"Distribuidores - Canad\u00e1"},"content":{"rendered":"<div data-elementor-type=\"wp-page\" data-elementor-id=\"2074\" class=\"elementor elementor-2074\" data-elementor-post-type=\"page\">\n\t\t\t\t<div class=\"elementor-element elementor-element-6e277e2 e-flex e-con-boxed e-con e-parent\" data-id=\"6e277e2\" data-element_type=\"container\" data-e-type=\"container\" data-settings=\"{&quot;background_background&quot;:&quot;classic&quot;}\">\n\t\t\t\t\t<div class=\"e-con-inner\">\n\t\t\t\t<div class=\"elementor-element elementor-element-feb1da9 elementor-widget elementor-widget-heading\" data-id=\"feb1da9\" data-element_type=\"widget\" data-e-type=\"widget\" data-widget_type=\"heading.default\">\n\t\t\t\t<div class=\"elementor-widget-container\">\n\t\t\t\t\t<h1 class=\"elementor-heading-title elementor-size-default\">Distribuidores - Canad\u00e1<\/h1>\t\t\t\t<\/div>\n\t\t\t\t<\/div>\n\t\t\t\t\t<\/div>\n\t\t\t\t<\/div>\n\t\t<div class=\"elementor-element elementor-element-adcf94b e-flex e-con-boxed e-con e-parent\" data-id=\"adcf94b\" data-element_type=\"container\" data-e-type=\"container\">\n\t\t\t\t\t<div class=\"e-con-inner\">\n\t\t<div class=\"elementor-element elementor-element-1826217 e-con-full e-flex e-con e-child\" data-id=\"1826217\" data-element_type=\"container\" data-e-type=\"container\">\n\t\t\t\t<div class=\"elementor-element elementor-element-fff1769 elementor-widget elementor-widget-template\" data-id=\"fff1769\" data-element_type=\"widget\" data-e-type=\"widget\" data-widget_type=\"template.default\">\n\t\t\t\t<div class=\"elementor-widget-container\">\n\t\t\t\t\t\t\t<div class=\"elementor-template\">\n\t\t\t\t\t<div data-elementor-type=\"container\" data-elementor-id=\"2059\" class=\"elementor elementor-2059\" data-elementor-post-type=\"elementor_library\">\n\t\t\t\t<div class=\"elementor-element elementor-element-444fa8e7 e-con-full e-flex e-con e-child\" data-id=\"444fa8e7\" data-element_type=\"container\" data-e-type=\"container\">\n\t\t\t\t<div class=\"elementor-element elementor-element-1d9182ea elementor-nav-menu__align-start elementor-nav-menu--dropdown-none elementor-widget elementor-widget-nav-menu\" data-id=\"1d9182ea\" data-element_type=\"widget\" data-e-type=\"widget\" data-settings=\"{&quot;layout&quot;:&quot;horizontal&quot;,&quot;submenu_icon&quot;:{&quot;value&quot;:&quot;&lt;svg aria-hidden=\\&quot;true\\&quot; class=\\&quot;e-font-icon-svg e-fas-caret-down\\&quot; viewBox=\\&quot;0 0 320 512\\&quot; xmlns=\\&quot;http:\\\/\\\/www.w3.org\\\/2000\\\/svg\\&quot;&gt;&lt;path d=\\&quot;M31.3 192h257.3c17.8 0 26.7 21.5 14.1 34.1L174.1 354.8c-7.8 7.8-20.5 7.8-28.3 0L17.2 226.1C4.6 213.5 13.5 192 31.3 192z\\&quot;&gt;&lt;\\\/path&gt;&lt;\\\/svg&gt;&quot;,&quot;library&quot;:&quot;fa-solid&quot;}}\" data-widget_type=\"nav-menu.default\">\n\t\t\t\t<div class=\"elementor-widget-container\">\n\t\t\t\t\t\t\t\t<nav aria-label=\"Men\u00fa\" class=\"elementor-nav-menu--main elementor-nav-menu__container elementor-nav-menu--layout-horizontal e--pointer-none\">\n\t\t\t\t<ul id=\"menu-1-1d9182ea\" class=\"elementor-nav-menu\"><li class=\"menu-item menu-item-type-post_type menu-item-object-page menu-item-2089\"><a href=\"https:\/\/www.durapalm.com\/es\/distributors-usa\/\" class=\"elementor-item\">EE.UU.<\/a><\/li>\n<li class=\"menu-item menu-item-type-post_type menu-item-object-page menu-item-2088\"><a href=\"https:\/\/www.durapalm.com\/es\/distributors-canada\/\" class=\"elementor-item\">Canad\u00e1<\/a><\/li>\n<li class=\"menu-item menu-item-type-post_type menu-item-object-page menu-item-2087\"><a href=\"https:\/\/www.durapalm.com\/es\/distributors-central-south-america-caribbean\/\" class=\"elementor-item\">Cen\/Am\u00e9rica del Sur y Caribe<\/a><\/li>\n<li class=\"menu-item menu-item-type-post_type menu-item-object-page menu-item-2086\"><a href=\"https:\/\/www.durapalm.com\/es\/distributors-europe\/\" class=\"elementor-item\">Europa<\/a><\/li>\n<li class=\"menu-item menu-item-type-post_type menu-item-object-page menu-item-2085\"><a href=\"https:\/\/www.durapalm.com\/es\/distributors-middle-east-asia\/\" class=\"elementor-item\">Oriente Pr\u00f3ximo<\/a><\/li>\n<li class=\"menu-item menu-item-type-post_type menu-item-object-page menu-item-2084\"><a href=\"https:\/\/www.durapalm.com\/es\/distributors-australia-new-zealand-south-pacific\/\" class=\"elementor-item\">Pac\u00edfico Sur<\/a><\/li>\n<\/ul>\t\t\t<\/nav>\n\t\t\t\t\t\t<nav class=\"elementor-nav-menu--dropdown elementor-nav-menu__container\" aria-hidden=\"true\">\n\t\t\t\t<ul id=\"menu-2-1d9182ea\" class=\"elementor-nav-menu\"><li class=\"menu-item menu-item-type-post_type menu-item-object-page menu-item-2089\"><a href=\"https:\/\/www.durapalm.com\/es\/distributors-usa\/\" class=\"elementor-item\" tabindex=\"-1\">EE.UU.<\/a><\/li>\n<li class=\"menu-item menu-item-type-post_type menu-item-object-page menu-item-2088\"><a href=\"https:\/\/www.durapalm.com\/es\/distributors-canada\/\" class=\"elementor-item\" tabindex=\"-1\">Canad\u00e1<\/a><\/li>\n<li class=\"menu-item menu-item-type-post_type menu-item-object-page menu-item-2087\"><a href=\"https:\/\/www.durapalm.com\/es\/distributors-central-south-america-caribbean\/\" class=\"elementor-item\" tabindex=\"-1\">Cen\/Am\u00e9rica del Sur y Caribe<\/a><\/li>\n<li class=\"menu-item menu-item-type-post_type menu-item-object-page menu-item-2086\"><a href=\"https:\/\/www.durapalm.com\/es\/distributors-europe\/\" class=\"elementor-item\" tabindex=\"-1\">Europa<\/a><\/li>\n<li class=\"menu-item menu-item-type-post_type menu-item-object-page menu-item-2085\"><a href=\"https:\/\/www.durapalm.com\/es\/distributors-middle-east-asia\/\" class=\"elementor-item\" tabindex=\"-1\">Oriente Pr\u00f3ximo<\/a><\/li>\n<li class=\"menu-item menu-item-type-post_type menu-item-object-page menu-item-2084\"><a href=\"https:\/\/www.durapalm.com\/es\/distributors-australia-new-zealand-south-pacific\/\" class=\"elementor-item\" tabindex=\"-1\">Pac\u00edfico Sur<\/a><\/li>\n<\/ul>\t\t\t<\/nav>\n\t\t\t\t\t\t<\/div>\n\t\t\t\t<\/div>\n\t\t\t\t<\/div>\n\t\t\t\t<\/div>\n\t\t\t\t<\/div>\n\t\t\t\t\t\t<\/div>\n\t\t\t\t<\/div>\n\t\t\t\t<\/div>\n\t\t\t\t<div class=\"elementor-element elementor-element-a4ec6ee elementor-widget elementor-widget-jet-dynamic-table\" data-id=\"a4ec6ee\" data-element_type=\"widget\" data-e-type=\"widget\" data-widget_type=\"jet-dynamic-table.default\">\n\t\t\t\t<div class=\"elementor-widget-container\">\n\t\t\t\t\t<style><\/style><div class=\"jet-dynamic-table-wrapper\" style=\"max-width: 100%; overflow: auto;\"><table class=\"jet-dynamic-table\" data-table-id=\"17\" data-query-id=\"18\"><thead class=\"jet-dynamic-table__header\"><tr class=\"jet-dynamic-table__row jet-dynamic-table__row--header\" ><th class=\"jet-dynamic-table__col jet-dynamic-table__col--company\" style=\"width:150px; min-width:150px;\">Empresa<\/th><th class=\"jet-dynamic-table__col jet-dynamic-table__col--contact\" style=\"width:150px; min-width:150px;\">P\u00f3ngase en contacto con<\/th><th class=\"jet-dynamic-table__col jet-dynamic-table__col--email\" style=\"width:250px; min-width:250px;\">Correo electr\u00f3nico<\/th><th class=\"jet-dynamic-table__col jet-dynamic-table__col--phone\" style=\"width:200px; min-width:200px;\">Tel\u00e9fono<\/th><th class=\"jet-dynamic-table__col jet-dynamic-table__col--address\" style=\"width:200px; min-width:200px;\">Direcci\u00f3n<\/th><\/tr><\/thead><tbody class=\"jet-dynamic-table__body\"><style>.elementor-2039 .elementor-element.elementor-element-60ecdee{--display:flex;--margin-top:0px;--margin-bottom:0px;--margin-left:0px;--margin-right:0px;--padding-top:0px;--padding-bottom:0px;--padding-left:0px;--padding-right:0px;}\/* Start custom CSS for heading, class: .elementor-element-82b628e *\/.elementor-2039 .elementor-element.elementor-element-82b628e a {\n    text-decoration: underline;\n    color: #5e9eae !important;\n}\n.elementor-2039 .elementor-element.elementor-element-82b628e a:hover {\n    text-decoration: none;\n    color: #5e9eae !important;\n}\/* End custom CSS *\/<\/style><tr class=\"jet-dynamic-table__row jet-dynamic-table__row--header\" data-item-object=\"2173\"><td class=\"jet-dynamic-table__col jet-dynamic-table__col--company\" style=\"width:150px; min-width:150px;\">Smith &amp; Fong Co. - Durapalm Corporate<\/td><td class=\"jet-dynamic-table__col jet-dynamic-table__col--contact\" style=\"width:150px; min-width:150px;\">Daniel Smith o Puneeta Sharma<\/td><td class=\"jet-dynamic-table__col jet-dynamic-table__col--email\" style=\"width:250px; min-width:250px;\"><div class=\"jet-listing-dynamic-post-2173\">\t\t<div data-elementor-type=\"jet-listing-items\" data-elementor-id=\"2039\" class=\"elementor elementor-2039\" data-elementor-post-type=\"jet-engine\">\n\t\t\t\t<div class=\"elementor-element elementor-element-60ecdee e-flex e-con-boxed e-con e-parent\" data-id=\"60ecdee\" data-element_type=\"container\" data-e-type=\"container\">\n\t\t\t\t\t<div class=\"e-con-inner\">\n\t\t\t\t<div class=\"elementor-element elementor-element-82b628e elementor-widget elementor-widget-heading\" data-id=\"82b628e\" data-element_type=\"widget\" data-e-type=\"widget\" data-widget_type=\"heading.default\">\n\t\t\t\t<div class=\"elementor-widget-container\">\n\t\t\t\t\t<span class=\"elementor-heading-title elementor-size-default\"><a href=\"mailto:info@durapalm.com\" target=\"_blank\">info@durapalm.com<\/a><\/span>\t\t\t\t<\/div>\n\t\t\t\t<\/div>\n\t\t\t\t\t<\/div>\n\t\t\t\t<\/div>\n\t\t\t\t<\/div>\n\t\t<\/div><\/td><td class=\"jet-dynamic-table__col jet-dynamic-table__col--phone\" style=\"width:200px; min-width:200px;\">(866) 835-9859<\/td><td class=\"jet-dynamic-table__col jet-dynamic-table__col--address\" style=\"width:200px; min-width:200px;\"><p>394 Bel Marin Keys Blvd.,<br \/>\nSuite 6<br \/>\nNovato, CA 94949 EE.UU.<\/p>\n<\/td><\/tr><tr class=\"jet-dynamic-table__row jet-dynamic-table__row--header\" data-item-object=\"2311\"><td class=\"jet-dynamic-table__col jet-dynamic-table__col--company\" style=\"width:150px; min-width:150px;\">Smith &amp; Fong Co. Representante<\/td><td class=\"jet-dynamic-table__col jet-dynamic-table__col--contact\" style=\"width:150px; min-width:150px;\">Shafeek Kushtoban<\/td><td class=\"jet-dynamic-table__col jet-dynamic-table__col--email\" style=\"width:250px; min-width:250px;\"><div class=\"jet-listing-dynamic-post-2311\">\t\t<div data-elementor-type=\"jet-listing-items\" data-elementor-id=\"2039\" class=\"elementor elementor-2039\" data-elementor-post-type=\"jet-engine\">\n\t\t\t\t<div class=\"elementor-element elementor-element-60ecdee e-flex e-con-boxed e-con e-parent\" data-id=\"60ecdee\" data-element_type=\"container\" data-e-type=\"container\">\n\t\t\t\t\t<div class=\"e-con-inner\">\n\t\t\t\t<div class=\"elementor-element elementor-element-82b628e elementor-widget elementor-widget-heading\" data-id=\"82b628e\" data-element_type=\"widget\" data-e-type=\"widget\" data-widget_type=\"heading.default\">\n\t\t\t\t<div class=\"elementor-widget-container\">\n\t\t\t\t\t<span class=\"elementor-heading-title elementor-size-default\"><a href=\"mailto:shafeek@plyboo.com\" target=\"_blank\">shafeek@plyboo.com<\/a><\/span>\t\t\t\t<\/div>\n\t\t\t\t<\/div>\n\t\t\t\t\t<\/div>\n\t\t\t\t<\/div>\n\t\t\t\t<\/div>\n\t\t<\/div><\/td><td class=\"jet-dynamic-table__col jet-dynamic-table__col--phone\" style=\"width:200px; min-width:200px;\">+1 (416) 500-6623<\/td><td class=\"jet-dynamic-table__col jet-dynamic-table__col--address\" style=\"width:200px; min-width:200px;\"><\/td><\/tr><\/tbody><\/table><\/div>\t\t\t\t<\/div>\n\t\t\t\t<\/div>\n\t\t\t\t\t<\/div>\n\t\t\t\t<\/div>\n\t\t\t\t<\/div>","protected":false},"excerpt":{"rendered":"<p>Distribuidores - Canad\u00e1 Distribuidor Representante Nombre Correo electr\u00f3nico Tel\u00e9fono Direcci\u00f3n Upper Canada Forest Products - Calgary Rob Scott (403) 569-8829 4936 52nd St SE Calgary AB T2B 3R2<\/p>","protected":false},"author":1,"featured_media":0,"parent":0,"menu_order":0,"comment_status":"closed","ping_status":"closed","template":"","meta":{"footnotes":""},"class_list":["post-2074","page","type-page","status-publish","hentry"],"yoast_head":"<!-- This site is optimized with the Yoast SEO plugin v27.4 - https:\/\/yoast.com\/product\/yoast-seo-wordpress\/ -->\n<title>Where to Buy Durapalm in Canada<\/title>\n<meta name=\"description\" content=\"Where to buy Durapalm - Canada. Find a dealer or distributor in Canada or contact Durapalm directly for information and samples.\" \/>\n<meta name=\"robots\" content=\"index, follow, max-snippet:-1, max-image-preview:large, max-video-preview:-1\" \/>\n<link rel=\"canonical\" href=\"https:\/\/www.durapalm.com\/es\/distributors-canada\/\" \/>\n<meta property=\"og:locale\" content=\"es_ES\" \/>\n<meta property=\"og:type\" content=\"article\" \/>\n<meta property=\"og:title\" content=\"Where to Buy Durapalm in Canada\" \/>\n<meta property=\"og:description\" content=\"Where to buy Durapalm - Canada. Find a dealer or distributor in Canada or contact Durapalm directly for information and samples.\" \/>\n<meta property=\"og:url\" content=\"https:\/\/www.durapalm.com\/es\/distributors-canada\/\" \/>\n<meta property=\"og:site_name\" content=\"Durapalm\" \/>\n<meta property=\"article:modified_time\" content=\"2025-01-30T17:28:48+00:00\" \/>\n<meta property=\"og:image\" content=\"https:\/\/www.durapalm.com\/wp-content\/uploads\/2024\/12\/macanda_video_thumb.jpg\" \/>\n\t<meta property=\"og:image:width\" content=\"1280\" \/>\n\t<meta property=\"og:image:height\" content=\"720\" \/>\n\t<meta property=\"og:image:type\" content=\"image\/jpeg\" \/>\n<meta name=\"twitter:card\" content=\"summary_large_image\" \/>\n<meta name=\"twitter:label1\" content=\"Tiempo de lectura\" \/>\n\t<meta name=\"twitter:data1\" content=\"1 minuto\" \/>\n<!-- \/ Yoast SEO plugin. -->","yoast_head_json":{"title":"D\u00f3nde comprar Durapalm en Canad\u00e1","description":"D\u00f3nde comprar Durapalm - Canad\u00e1. Encuentre un distribuidor o representante en Canad\u00e1 o p\u00f3ngase en contacto directamente con Durapalm para obtener informaci\u00f3n y muestras.","robots":{"index":"index","follow":"follow","max-snippet":"max-snippet:-1","max-image-preview":"max-image-preview:large","max-video-preview":"max-video-preview:-1"},"canonical":"https:\/\/www.durapalm.com\/es\/distributors-canada\/","og_locale":"es_ES","og_type":"article","og_title":"Where to Buy Durapalm in Canada","og_description":"Where to buy Durapalm - Canada. Find a dealer or distributor in Canada or contact Durapalm directly for information and samples.","og_url":"https:\/\/www.durapalm.com\/es\/distributors-canada\/","og_site_name":"Durapalm","article_modified_time":"2025-01-30T17:28:48+00:00","og_image":[{"width":1280,"height":720,"url":"https:\/\/www.durapalm.com\/wp-content\/uploads\/2024\/12\/macanda_video_thumb.jpg","type":"image\/jpeg"}],"twitter_card":"summary_large_image","twitter_misc":{"Tiempo de lectura":"1 minuto"},"schema":{"@context":"https:\/\/schema.org","@graph":[{"@type":"WebPage","@id":"https:\/\/www.durapalm.com\/distributors-canada\/","url":"https:\/\/www.durapalm.com\/distributors-canada\/","name":"D\u00f3nde comprar Durapalm en Canad\u00e1","isPartOf":{"@id":"https:\/\/www.durapalm.com\/#website"},"datePublished":"2025-01-16T22:48:35+00:00","dateModified":"2025-01-30T17:28:48+00:00","description":"D\u00f3nde comprar Durapalm - Canad\u00e1. Encuentre un distribuidor o representante en Canad\u00e1 o p\u00f3ngase en contacto directamente con Durapalm para obtener informaci\u00f3n y muestras.","breadcrumb":{"@id":"https:\/\/www.durapalm.com\/distributors-canada\/#breadcrumb"},"inLanguage":"es","potentialAction":[{"@type":"ReadAction","target":["https:\/\/www.durapalm.com\/distributors-canada\/"]}]},{"@type":"BreadcrumbList","@id":"https:\/\/www.durapalm.com\/distributors-canada\/#breadcrumb","itemListElement":[{"@type":"ListItem","position":1,"name":"Home","item":"https:\/\/www.durapalm.com\/"},{"@type":"ListItem","position":2,"name":"Distributors &#8211; Canada"}]},{"@type":"WebSite","@id":"https:\/\/www.durapalm.com\/#website","url":"https:\/\/www.durapalm.com\/","name":"Durapalm","description":"Suelos, contrachapados y paneles de madera de palma","publisher":{"@id":"https:\/\/www.durapalm.com\/#organization"},"potentialAction":[{"@type":"SearchAction","target":{"@type":"EntryPoint","urlTemplate":"https:\/\/www.durapalm.com\/?s={search_term_string}"},"query-input":{"@type":"PropertyValueSpecification","valueRequired":true,"valueName":"search_term_string"}}],"inLanguage":"es"},{"@type":"Organization","@id":"https:\/\/www.durapalm.com\/#organization","name":"Durapalm","url":"https:\/\/www.durapalm.com\/","logo":{"@type":"ImageObject","inLanguage":"es","@id":"https:\/\/www.durapalm.com\/#\/schema\/logo\/image\/","url":"https:\/\/www.durapalm.com\/wp-content\/uploads\/2024\/11\/durapalm_logo.svg","contentUrl":"https:\/\/www.durapalm.com\/wp-content\/uploads\/2024\/11\/durapalm_logo.svg","width":430,"height":215,"caption":"Durapalm"},"image":{"@id":"https:\/\/www.durapalm.com\/#\/schema\/logo\/image\/"}}]}},"_links":{"self":[{"href":"https:\/\/www.durapalm.com\/es\/wp-json\/wp\/v2\/pages\/2074","targetHints":{"allow":["GET"]}}],"collection":[{"href":"https:\/\/www.durapalm.com\/es\/wp-json\/wp\/v2\/pages"}],"about":[{"href":"https:\/\/www.durapalm.com\/es\/wp-json\/wp\/v2\/types\/page"}],"author":[{"embeddable":true,"href":"https:\/\/www.durapalm.com\/es\/wp-json\/wp\/v2\/users\/1"}],"replies":[{"embeddable":true,"href":"https:\/\/www.durapalm.com\/es\/wp-json\/wp\/v2\/comments?post=2074"}],"version-history":[{"count":0,"href":"https:\/\/www.durapalm.com\/es\/wp-json\/wp\/v2\/pages\/2074\/revisions"}],"wp:attachment":[{"href":"https:\/\/www.durapalm.com\/es\/wp-json\/wp\/v2\/media?parent=2074"}],"curies":[{"name":"wp","href":"https:\/\/api.w.org\/{rel}","templated":true}]}}