{"id":1336,"date":"2024-12-31T16:50:10","date_gmt":"2024-12-31T16:50:10","guid":{"rendered":"https:\/\/www.durapalm.com\/?page_id=1336"},"modified":"2025-02-07T00:28:37","modified_gmt":"2025-02-07T00:28:37","slug":"sustainability","status":"publish","type":"page","link":"https:\/\/www.durapalm.com\/es\/sustainability\/","title":{"rendered":"Sostenibilidad"},"content":{"rendered":"<div data-elementor-type=\"wp-page\" data-elementor-id=\"1336\" class=\"elementor elementor-1336\" data-elementor-post-type=\"page\">\n\t\t\t\t<div class=\"elementor-element elementor-element-201c9d3 e-flex e-con-boxed e-con e-parent\" data-id=\"201c9d3\" data-element_type=\"container\" data-e-type=\"container\" data-settings=\"{&quot;background_background&quot;:&quot;classic&quot;}\">\n\t\t\t\t\t<div class=\"e-con-inner\">\n\t\t\t\t<div class=\"elementor-element elementor-element-4c9b795 elementor-widget__width-initial elementor-widget elementor-widget-heading\" data-id=\"4c9b795\" data-element_type=\"widget\" data-e-type=\"widget\" data-widget_type=\"heading.default\">\n\t\t\t\t<div class=\"elementor-widget-container\">\n\t\t\t\t\t<h1 class=\"elementor-heading-title elementor-size-default\">Sostenibilidad<\/h1>\t\t\t\t<\/div>\n\t\t\t\t<\/div>\n\t\t\t\t\t<\/div>\n\t\t\t\t<\/div>\n\t\t<div class=\"elementor-element elementor-element-9443cb8 e-flex e-con-boxed e-con e-parent\" data-id=\"9443cb8\" data-element_type=\"container\" data-e-type=\"container\">\n\t\t\t\t\t<div class=\"e-con-inner\">\n\t\t<div class=\"elementor-element elementor-element-3edc279 e-con-full elementor-hidden-tablet elementor-hidden-mobile e-flex e-con e-child\" data-id=\"3edc279\" data-element_type=\"container\" data-e-type=\"container\">\n\t\t\t\t<div class=\"elementor-element elementor-element-b2db915 elementor-widget__width-inherit side-btn elementor-widget elementor-widget-button\" data-id=\"b2db915\" data-element_type=\"widget\" data-e-type=\"widget\" data-widget_type=\"button.default\">\n\t\t\t\t<div class=\"elementor-widget-container\">\n\t\t\t\t\t\t\t\t\t<div class=\"elementor-button-wrapper\">\n\t\t\t\t\t<a class=\"elementor-button elementor-button-link elementor-size-sm\" href=\"https:\/\/www.durapalm.com\/es\/about\/\">\n\t\t\t\t\t\t<span class=\"elementor-button-content-wrapper\">\n\t\t\t\t\t\t\t\t\t<span class=\"elementor-button-text\">NUESTRA HISTORIA<\/span>\n\t\t\t\t\t<\/span>\n\t\t\t\t\t<\/a>\n\t\t\t\t<\/div>\n\t\t\t\t\t\t\t\t<\/div>\n\t\t\t\t<\/div>\n\t\t\t\t<div class=\"elementor-element elementor-element-7ea79be elementor-widget__width-inherit side-btn elementor-widget elementor-widget-button\" data-id=\"7ea79be\" data-element_type=\"widget\" data-e-type=\"widget\" data-widget_type=\"button.default\">\n\t\t\t\t<div class=\"elementor-widget-container\">\n\t\t\t\t\t\t\t\t\t<div class=\"elementor-button-wrapper\">\n\t\t\t\t\t<a class=\"elementor-button elementor-button-link elementor-size-sm\" href=\"#\">\n\t\t\t\t\t\t<span class=\"elementor-button-content-wrapper\">\n\t\t\t\t\t\t<span class=\"elementor-button-icon\">\n\t\t\t\t<svg aria-hidden=\"true\" class=\"e-font-icon-svg e-fas-caret-right\" viewbox=\"0 0 192 512\" xmlns=\"http:\/\/www.w3.org\/2000\/svg\"><path d=\"M0 384.662V127.338c0-17.818 21.543-26.741 34.142-14.142l128.662 128.662c7.81 7.81 7.81 20.474 0 28.284L34.142 398.804C21.543 411.404 0 402.48 0 384.662z\"><\/path><\/svg>\t\t\t<\/span>\n\t\t\t\t\t\t\t\t\t<span class=\"elementor-button-text\">SOSTENIBILIDAD<\/span>\n\t\t\t\t\t<\/span>\n\t\t\t\t\t<\/a>\n\t\t\t\t<\/div>\n\t\t\t\t\t\t\t\t<\/div>\n\t\t\t\t<\/div>\n\t\t\t\t<\/div>\n\t\t<div class=\"elementor-element elementor-element-364648f e-con-full e-flex e-con e-child\" data-id=\"364648f\" data-element_type=\"container\" data-e-type=\"container\">\n\t\t\t\t<div class=\"elementor-element elementor-element-bce7d09 elementor-widget elementor-widget-heading\" data-id=\"bce7d09\" data-element_type=\"widget\" data-e-type=\"widget\" data-widget_type=\"heading.default\">\n\t\t\t\t<div class=\"elementor-widget-container\">\n\t\t\t\t\t<h4 class=\"elementor-heading-title elementor-size-default\">Abastecimiento sostenible de madera de palma e impacto social<\/h4>\t\t\t\t<\/div>\n\t\t\t\t<\/div>\n\t\t<div class=\"elementor-element elementor-element-8ab660f e-con-full e-flex e-con e-child\" data-id=\"8ab660f\" data-element_type=\"container\" data-e-type=\"container\">\n\t\t<div class=\"elementor-element elementor-element-9c9d190 e-con-full e-flex e-con e-child\" data-id=\"9c9d190\" data-element_type=\"container\" data-e-type=\"container\">\n\t\t\t\t<div class=\"elementor-element elementor-element-1d6ec75 elementor-widget elementor-widget-image\" data-id=\"1d6ec75\" data-element_type=\"widget\" data-e-type=\"widget\" data-widget_type=\"image.default\">\n\t\t\t\t<div class=\"elementor-widget-container\">\n\t\t\t\t\t\t\t\t\t\t\t\t\t\t\t<img fetchpriority=\"high\" decoding=\"async\" width=\"800\" height=\"800\" src=\"https:\/\/www.durapalm.com\/wp-content\/uploads\/2024\/12\/sustainability1.jpg\" class=\"attachment-large size-large wp-image-1371\" alt=\"Palmwood Sources\" srcset=\"https:\/\/www.durapalm.com\/wp-content\/uploads\/2024\/12\/sustainability1.jpg 800w, https:\/\/www.durapalm.com\/wp-content\/uploads\/2024\/12\/sustainability1-300x300.jpg 300w, https:\/\/www.durapalm.com\/wp-content\/uploads\/2024\/12\/sustainability1-150x150.jpg 150w, https:\/\/www.durapalm.com\/wp-content\/uploads\/2024\/12\/sustainability1-768x768.jpg 768w, https:\/\/www.durapalm.com\/wp-content\/uploads\/2024\/12\/sustainability1-400x400.jpg 400w, https:\/\/www.durapalm.com\/wp-content\/uploads\/2024\/12\/sustainability1-600x600.jpg 600w\" sizes=\"(max-width: 800px) 100vw, 800px\" \/>\t\t\t\t\t\t\t\t\t\t\t\t\t\t\t<\/div>\n\t\t\t\t<\/div>\n\t\t\t\t<\/div>\n\t\t<div class=\"elementor-element elementor-element-8c28867 e-con-full e-flex e-con e-child\" data-id=\"8c28867\" data-element_type=\"container\" data-e-type=\"container\">\n\t\t\t\t<div class=\"elementor-element elementor-element-9ae37ff elementor-widget elementor-widget-heading\" data-id=\"9ae37ff\" data-element_type=\"widget\" data-e-type=\"widget\" data-widget_type=\"heading.default\">\n\t\t\t\t<div class=\"elementor-widget-container\">\n\t\t\t\t\t<h4 class=\"elementor-heading-title elementor-size-default\">Nuestras fuentes de madera de palma<\/h4>\t\t\t\t<\/div>\n\t\t\t\t<\/div>\n\t\t\t\t<div class=\"elementor-element elementor-element-9f8698a elementor-widget elementor-widget-text-editor\" data-id=\"9f8698a\" data-element_type=\"widget\" data-e-type=\"widget\" data-widget_type=\"text-editor.default\">\n\t\t\t\t<div class=\"elementor-widget-container\">\n\t\t\t\t\t\t\t\t\t<p><span style=\"font-weight: 400;\">Smith &amp; Fong se abastece de madera de palma en regiones ricas en recursos de palma, como Am\u00e9rica Central, \u00c1frica, las islas del Pac\u00edfico y el sudeste asi\u00e1tico. En estas zonas, la industria de la madera de palma tiene potencial para crear puestos de trabajo sostenibles y ofrecer una alternativa a la tala de \u00e1rboles viejos, que son dif\u00edciles de reemplazar. Tras una exhaustiva investigaci\u00f3n, elegimos la India para iniciar nuestro viaje con la madera de palma, cautivados por las cualidades \u00fanicas del material y su potencial para tener un impacto positivo.<\/span><\/p>\t\t\t\t\t\t\t\t<\/div>\n\t\t\t\t<\/div>\n\t\t\t\t<\/div>\n\t\t\t\t<\/div>\n\t\t<div class=\"elementor-element elementor-element-fab7bc7 e-con-full e-flex e-con e-child\" data-id=\"fab7bc7\" data-element_type=\"container\" data-e-type=\"container\">\n\t\t<div class=\"elementor-element elementor-element-0bb4131 e-con-full e-flex e-con e-child\" data-id=\"0bb4131\" data-element_type=\"container\" data-e-type=\"container\">\n\t\t\t\t<div class=\"elementor-element elementor-element-a5b7d6a elementor-widget elementor-widget-image\" data-id=\"a5b7d6a\" data-element_type=\"widget\" data-e-type=\"widget\" data-widget_type=\"image.default\">\n\t\t\t\t<div class=\"elementor-widget-container\">\n\t\t\t\t\t\t\t\t\t\t\t\t\t\t\t<img decoding=\"async\" width=\"800\" height=\"800\" data-src=\"https:\/\/www.durapalm.com\/wp-content\/uploads\/2024\/12\/sustainability2.jpg\" class=\"attachment-large size-large wp-image-1381 lazyload\" alt=\"Palm Wood Production Cycle\" data-srcset=\"https:\/\/www.durapalm.com\/wp-content\/uploads\/2024\/12\/sustainability2.jpg 800w, https:\/\/www.durapalm.com\/wp-content\/uploads\/2024\/12\/sustainability2-300x300.jpg 300w, https:\/\/www.durapalm.com\/wp-content\/uploads\/2024\/12\/sustainability2-150x150.jpg 150w, https:\/\/www.durapalm.com\/wp-content\/uploads\/2024\/12\/sustainability2-768x768.jpg 768w, https:\/\/www.durapalm.com\/wp-content\/uploads\/2024\/12\/sustainability2-400x400.jpg 400w, https:\/\/www.durapalm.com\/wp-content\/uploads\/2024\/12\/sustainability2-600x600.jpg 600w\" data-sizes=\"(max-width: 800px) 100vw, 800px\" src=\"data:image\/svg+xml;base64,PHN2ZyB3aWR0aD0iMSIgaGVpZ2h0PSIxIiB4bWxucz0iaHR0cDovL3d3dy53My5vcmcvMjAwMC9zdmciPjwvc3ZnPg==\" style=\"--smush-placeholder-width: 800px; --smush-placeholder-aspect-ratio: 800\/800;\" \/>\t\t\t\t\t\t\t\t\t\t\t\t\t\t\t<\/div>\n\t\t\t\t<\/div>\n\t\t\t\t<\/div>\n\t\t<div class=\"elementor-element elementor-element-e834768 e-con-full e-flex e-con e-child\" data-id=\"e834768\" data-element_type=\"container\" data-e-type=\"container\">\n\t\t\t\t<div class=\"elementor-element elementor-element-3d70dae elementor-widget elementor-widget-heading\" data-id=\"3d70dae\" data-element_type=\"widget\" data-e-type=\"widget\" data-widget_type=\"heading.default\">\n\t\t\t\t<div class=\"elementor-widget-container\">\n\t\t\t\t\t<h4 class=\"elementor-heading-title elementor-size-default\">Ciclo de producci\u00f3n sostenible de la palma<\/h4>\t\t\t\t<\/div>\n\t\t\t\t<\/div>\n\t\t\t\t<div class=\"elementor-element elementor-element-1c1c159 elementor-widget elementor-widget-text-editor\" data-id=\"1c1c159\" data-element_type=\"widget\" data-e-type=\"widget\" data-widget_type=\"text-editor.default\">\n\t\t\t\t<div class=\"elementor-widget-container\">\n\t\t\t\t\t\t\t\t\t<p><span style=\"font-weight: 400;\">Nuestra madera de palma procede de plantaciones y entornos agr\u00edcolas, donde trabajamos en armon\u00eda con el ciclo de vida natural de la producci\u00f3n de palma. Utilizamos principalmente especies de palmeras de az\u00facar y coco, que tienen una vida productiva de unos 60 a\u00f1os. Despu\u00e9s de este periodo, su producci\u00f3n de frutos o nueces disminuye a medida que aumenta la altura de la palmera, lo que dificulta que la humedad y los nutrientes lleguen a la parte superior. Llegados a este punto, lo ideal es replantar, y nosotros intervenimos para proporcionar una fuente de ingresos adicional a los agricultores, que suelen ser peque\u00f1os propietarios de menos de 10 acres. Este enfoque garantiza una relaci\u00f3n simbi\u00f3tica que beneficia directamente tanto al medio ambiente como a los agricultores.<\/span><\/p>\t\t\t\t\t\t\t\t<\/div>\n\t\t\t\t<\/div>\n\t\t\t\t<\/div>\n\t\t\t\t<\/div>\n\t\t<div class=\"elementor-element elementor-element-e4c0ec3 e-con-full e-flex e-con e-child\" data-id=\"e4c0ec3\" data-element_type=\"container\" data-e-type=\"container\">\n\t\t<div class=\"elementor-element elementor-element-afb1121 e-con-full e-flex e-con e-child\" data-id=\"afb1121\" data-element_type=\"container\" data-e-type=\"container\">\n\t\t\t\t<div class=\"elementor-element elementor-element-2fd0d2c elementor-widget elementor-widget-image\" data-id=\"2fd0d2c\" data-element_type=\"widget\" data-e-type=\"widget\" data-widget_type=\"image.default\">\n\t\t\t\t<div class=\"elementor-widget-container\">\n\t\t\t\t\t\t\t\t\t\t\t\t\t\t\t<img decoding=\"async\" width=\"800\" height=\"800\" data-src=\"https:\/\/www.durapalm.com\/wp-content\/uploads\/2024\/12\/sustainability3.jpg\" class=\"attachment-large size-large wp-image-1382 lazyload\" alt=\"\" data-srcset=\"https:\/\/www.durapalm.com\/wp-content\/uploads\/2024\/12\/sustainability3.jpg 800w, https:\/\/www.durapalm.com\/wp-content\/uploads\/2024\/12\/sustainability3-300x300.jpg 300w, https:\/\/www.durapalm.com\/wp-content\/uploads\/2024\/12\/sustainability3-150x150.jpg 150w, https:\/\/www.durapalm.com\/wp-content\/uploads\/2024\/12\/sustainability3-768x768.jpg 768w, https:\/\/www.durapalm.com\/wp-content\/uploads\/2024\/12\/sustainability3-400x400.jpg 400w, https:\/\/www.durapalm.com\/wp-content\/uploads\/2024\/12\/sustainability3-600x600.jpg 600w\" data-sizes=\"(max-width: 800px) 100vw, 800px\" src=\"data:image\/svg+xml;base64,PHN2ZyB3aWR0aD0iMSIgaGVpZ2h0PSIxIiB4bWxucz0iaHR0cDovL3d3dy53My5vcmcvMjAwMC9zdmciPjwvc3ZnPg==\" style=\"--smush-placeholder-width: 800px; --smush-placeholder-aspect-ratio: 800\/800;\" \/>\t\t\t\t\t\t\t\t\t\t\t\t\t\t\t<\/div>\n\t\t\t\t<\/div>\n\t\t\t\t<\/div>\n\t\t<div class=\"elementor-element elementor-element-8d5d861 e-con-full e-flex e-con e-child\" data-id=\"8d5d861\" data-element_type=\"container\" data-e-type=\"container\">\n\t\t\t\t<div class=\"elementor-element elementor-element-01f7974 elementor-widget elementor-widget-heading\" data-id=\"01f7974\" data-element_type=\"widget\" data-e-type=\"widget\" data-widget_type=\"heading.default\">\n\t\t\t\t<div class=\"elementor-widget-container\">\n\t\t\t\t\t<h4 class=\"elementor-heading-title elementor-size-default\">Procesado y fabricaci\u00f3n innovadores<\/h4>\t\t\t\t<\/div>\n\t\t\t\t<\/div>\n\t\t\t\t<div class=\"elementor-element elementor-element-4593339 elementor-widget elementor-widget-text-editor\" data-id=\"4593339\" data-element_type=\"widget\" data-e-type=\"widget\" data-widget_type=\"text-editor.default\">\n\t\t\t\t<div class=\"elementor-widget-container\">\n\t\t\t\t\t\t\t\t\t<p><span style=\"font-weight: 400;\">La elaboraci\u00f3n de productos de madera de palma es un proceso complejo que requiere m\u00e9todos especializados. A diferencia de las maderas duras tradicionales, la madera de palma es m\u00e1s blanda en su n\u00facleo y m\u00e1s densa en sus capas externas. Reconociendo estas caracter\u00edsticas \u00fanicas, desarrollamos t\u00e9cnicas y equipos personalizados adaptados a la palma, lo que nos permite fabricar productos duraderos y bellos, como madera contrachapada, paneles, chapas y suelos. Esta dedicaci\u00f3n a la innovaci\u00f3n nos permite llevar al mercado las excepcionales cualidades de la madera de palma.<\/span><\/p>\t\t\t\t\t\t\t\t<\/div>\n\t\t\t\t<\/div>\n\t\t\t\t<\/div>\n\t\t\t\t<\/div>\n\t\t<div class=\"elementor-element elementor-element-8e3a8f2 e-con-full e-flex e-con e-child\" data-id=\"8e3a8f2\" data-element_type=\"container\" data-e-type=\"container\">\n\t\t<div class=\"elementor-element elementor-element-0ec7d03 e-con-full e-flex e-con e-child\" data-id=\"0ec7d03\" data-element_type=\"container\" data-e-type=\"container\">\n\t\t\t\t<div class=\"elementor-element elementor-element-4c51939 elementor-widget elementor-widget-image\" data-id=\"4c51939\" data-element_type=\"widget\" data-e-type=\"widget\" data-widget_type=\"image.default\">\n\t\t\t\t<div class=\"elementor-widget-container\">\n\t\t\t\t\t\t\t\t\t\t\t\t\t\t\t<img decoding=\"async\" width=\"800\" height=\"800\" data-src=\"https:\/\/www.durapalm.com\/wp-content\/uploads\/2024\/12\/sustainability4.jpg\" class=\"attachment-large size-large wp-image-1383 lazyload\" alt=\"Durapalm Social and Environmental Mission\" data-srcset=\"https:\/\/www.durapalm.com\/wp-content\/uploads\/2024\/12\/sustainability4.jpg 800w, https:\/\/www.durapalm.com\/wp-content\/uploads\/2024\/12\/sustainability4-300x300.jpg 300w, https:\/\/www.durapalm.com\/wp-content\/uploads\/2024\/12\/sustainability4-150x150.jpg 150w, https:\/\/www.durapalm.com\/wp-content\/uploads\/2024\/12\/sustainability4-768x768.jpg 768w, https:\/\/www.durapalm.com\/wp-content\/uploads\/2024\/12\/sustainability4-400x400.jpg 400w, https:\/\/www.durapalm.com\/wp-content\/uploads\/2024\/12\/sustainability4-600x600.jpg 600w\" data-sizes=\"(max-width: 800px) 100vw, 800px\" src=\"data:image\/svg+xml;base64,PHN2ZyB3aWR0aD0iMSIgaGVpZ2h0PSIxIiB4bWxucz0iaHR0cDovL3d3dy53My5vcmcvMjAwMC9zdmciPjwvc3ZnPg==\" style=\"--smush-placeholder-width: 800px; --smush-placeholder-aspect-ratio: 800\/800;\" \/>\t\t\t\t\t\t\t\t\t\t\t\t\t\t\t<\/div>\n\t\t\t\t<\/div>\n\t\t\t\t<\/div>\n\t\t<div class=\"elementor-element elementor-element-cf20f11 e-con-full e-flex e-con e-child\" data-id=\"cf20f11\" data-element_type=\"container\" data-e-type=\"container\">\n\t\t\t\t<div class=\"elementor-element elementor-element-b62a606 elementor-widget elementor-widget-heading\" data-id=\"b62a606\" data-element_type=\"widget\" data-e-type=\"widget\" data-widget_type=\"heading.default\">\n\t\t\t\t<div class=\"elementor-widget-container\">\n\t\t\t\t\t<h4 class=\"elementor-heading-title elementor-size-default\">Nuestra misi\u00f3n social y medioambiental<\/h4>\t\t\t\t<\/div>\n\t\t\t\t<\/div>\n\t\t\t\t<div class=\"elementor-element elementor-element-f7ebc71 elementor-widget elementor-widget-text-editor\" data-id=\"f7ebc71\" data-element_type=\"widget\" data-e-type=\"widget\" data-widget_type=\"text-editor.default\">\n\t\t\t\t<div class=\"elementor-widget-container\">\n\t\t\t\t\t\t\t\t\t<p><span style=\"font-weight: 400;\">M\u00e1s all\u00e1 de nuestro trabajo con la palma, estamos comprometidos con la creaci\u00f3n de un impacto social y medioambiental positivo en las comunidades en las que operamos. Al comprometernos con las culturas y entornos locales, dise\u00f1amos programas que apoyan las necesidades de la comunidad y defienden pr\u00e1cticas sostenibles. A trav\u00e9s del di\u00e1logo continuo y de las experiencias compartidas en nuestro sitio web y en las redes sociales, esperamos fomentar una comprensi\u00f3n m\u00e1s profunda de nuestro viaje y nuestro compromiso de marcar una diferencia duradera.<\/span><\/p>\t\t\t\t\t\t\t\t<\/div>\n\t\t\t\t<\/div>\n\t\t\t\t<\/div>\n\t\t\t\t<\/div>\n\t\t\t\t<\/div>\n\t\t\t\t\t<\/div>\n\t\t\t\t<\/div>\n\t\t\t\t<\/div>","protected":false},"excerpt":{"rendered":"<p>Sustainability OUR STORY SUSTAINABILITY Sustainable Palm Wood Sourcing and Social Impact Our Palm Wood Sources Smith &amp; Fong sources palm wood from regions rich in palm resources, including Central America, Africa, the Pacific Islands, and Southeast Asia. In these areas, the palm wood industry holds potential for creating sustainable jobs and providing an alternative to [&hellip;]<\/p>\n","protected":false},"author":1,"featured_media":1371,"parent":0,"menu_order":0,"comment_status":"closed","ping_status":"closed","template":"","meta":{"footnotes":""},"class_list":["post-1336","page","type-page","status-publish","has-post-thumbnail","hentry"],"yoast_head":"<!-- This site is optimized with the Yoast SEO plugin v27.4 - https:\/\/yoast.com\/product\/yoast-seo-wordpress\/ -->\n<title>Our Focus on Sustainability - Durapalm<\/title>\n<meta name=\"description\" content=\"Smith &amp; Fong sources palm wood from regions rich in palm resources, including Central America, Africa, the Pacific Islands, and Southeast Asia.\" \/>\n<meta name=\"robots\" content=\"index, follow, max-snippet:-1, max-image-preview:large, max-video-preview:-1\" \/>\n<link rel=\"canonical\" href=\"https:\/\/www.durapalm.com\/es\/sustainability\/\" \/>\n<meta property=\"og:locale\" content=\"es_ES\" \/>\n<meta property=\"og:type\" content=\"article\" \/>\n<meta property=\"og:title\" content=\"Our Focus on Sustainability - Durapalm\" \/>\n<meta property=\"og:description\" content=\"Smith &amp; Fong sources palm wood from regions rich in palm resources, including Central America, Africa, the Pacific Islands, and Southeast Asia.\" \/>\n<meta property=\"og:url\" content=\"https:\/\/www.durapalm.com\/es\/sustainability\/\" \/>\n<meta property=\"og:site_name\" content=\"Durapalm\" \/>\n<meta property=\"article:modified_time\" content=\"2025-02-07T00:28:37+00:00\" \/>\n<meta property=\"og:image\" content=\"https:\/\/www.durapalm.com\/wp-content\/uploads\/2024\/12\/sustainability1.jpg\" \/>\n\t<meta property=\"og:image:width\" content=\"800\" \/>\n\t<meta property=\"og:image:height\" content=\"800\" \/>\n\t<meta property=\"og:image:type\" content=\"image\/jpeg\" \/>\n<meta name=\"twitter:card\" content=\"summary_large_image\" \/>\n<meta name=\"twitter:label1\" content=\"Tiempo de lectura\" \/>\n\t<meta name=\"twitter:data1\" content=\"3 minutos\" \/>\n<!-- \/ Yoast SEO plugin. -->","yoast_head_json":{"title":"Nuestro enfoque de la sostenibilidad - Durapalm","description":"Smith &amp; Fong se abastece de madera de palma procedente de regiones ricas en recursos de palma, como Am\u00e9rica Central, \u00c1frica, las islas del Pac\u00edfico y el sudeste asi\u00e1tico.","robots":{"index":"index","follow":"follow","max-snippet":"max-snippet:-1","max-image-preview":"max-image-preview:large","max-video-preview":"max-video-preview:-1"},"canonical":"https:\/\/www.durapalm.com\/es\/sustainability\/","og_locale":"es_ES","og_type":"article","og_title":"Our Focus on Sustainability - Durapalm","og_description":"Smith & Fong sources palm wood from regions rich in palm resources, including Central America, Africa, the Pacific Islands, and Southeast Asia.","og_url":"https:\/\/www.durapalm.com\/es\/sustainability\/","og_site_name":"Durapalm","article_modified_time":"2025-02-07T00:28:37+00:00","og_image":[{"width":800,"height":800,"url":"https:\/\/www.durapalm.com\/wp-content\/uploads\/2024\/12\/sustainability1.jpg","type":"image\/jpeg"}],"twitter_card":"summary_large_image","twitter_misc":{"Tiempo de lectura":"3 minutos"},"schema":{"@context":"https:\/\/schema.org","@graph":[{"@type":"WebPage","@id":"https:\/\/www.durapalm.com\/sustainability\/","url":"https:\/\/www.durapalm.com\/sustainability\/","name":"Nuestro enfoque de la sostenibilidad - Durapalm","isPartOf":{"@id":"https:\/\/www.durapalm.com\/#website"},"primaryImageOfPage":{"@id":"https:\/\/www.durapalm.com\/sustainability\/#primaryimage"},"image":{"@id":"https:\/\/www.durapalm.com\/sustainability\/#primaryimage"},"thumbnailUrl":"https:\/\/www.durapalm.com\/wp-content\/uploads\/2024\/12\/sustainability1.jpg","datePublished":"2024-12-31T16:50:10+00:00","dateModified":"2025-02-07T00:28:37+00:00","description":"Smith &amp; Fong se abastece de madera de palma procedente de regiones ricas en recursos de palma, como Am\u00e9rica Central, \u00c1frica, las islas del Pac\u00edfico y el sudeste asi\u00e1tico.","breadcrumb":{"@id":"https:\/\/www.durapalm.com\/sustainability\/#breadcrumb"},"inLanguage":"es","potentialAction":[{"@type":"ReadAction","target":["https:\/\/www.durapalm.com\/sustainability\/"]}]},{"@type":"ImageObject","inLanguage":"es","@id":"https:\/\/www.durapalm.com\/sustainability\/#primaryimage","url":"https:\/\/www.durapalm.com\/wp-content\/uploads\/2024\/12\/sustainability1.jpg","contentUrl":"https:\/\/www.durapalm.com\/wp-content\/uploads\/2024\/12\/sustainability1.jpg","width":800,"height":800,"caption":"Palmwood Sources"},{"@type":"BreadcrumbList","@id":"https:\/\/www.durapalm.com\/sustainability\/#breadcrumb","itemListElement":[{"@type":"ListItem","position":1,"name":"Home","item":"https:\/\/www.durapalm.com\/"},{"@type":"ListItem","position":2,"name":"Sustainability"}]},{"@type":"WebSite","@id":"https:\/\/www.durapalm.com\/#website","url":"https:\/\/www.durapalm.com\/","name":"Durapalm","description":"Suelos, contrachapados y paneles de madera de palma","publisher":{"@id":"https:\/\/www.durapalm.com\/#organization"},"potentialAction":[{"@type":"SearchAction","target":{"@type":"EntryPoint","urlTemplate":"https:\/\/www.durapalm.com\/?s={search_term_string}"},"query-input":{"@type":"PropertyValueSpecification","valueRequired":true,"valueName":"search_term_string"}}],"inLanguage":"es"},{"@type":"Organization","@id":"https:\/\/www.durapalm.com\/#organization","name":"Durapalm","url":"https:\/\/www.durapalm.com\/","logo":{"@type":"ImageObject","inLanguage":"es","@id":"https:\/\/www.durapalm.com\/#\/schema\/logo\/image\/","url":"https:\/\/www.durapalm.com\/wp-content\/uploads\/2024\/11\/durapalm_logo.svg","contentUrl":"https:\/\/www.durapalm.com\/wp-content\/uploads\/2024\/11\/durapalm_logo.svg","width":430,"height":215,"caption":"Durapalm"},"image":{"@id":"https:\/\/www.durapalm.com\/#\/schema\/logo\/image\/"}}]}},"_links":{"self":[{"href":"https:\/\/www.durapalm.com\/es\/wp-json\/wp\/v2\/pages\/1336","targetHints":{"allow":["GET"]}}],"collection":[{"href":"https:\/\/www.durapalm.com\/es\/wp-json\/wp\/v2\/pages"}],"about":[{"href":"https:\/\/www.durapalm.com\/es\/wp-json\/wp\/v2\/types\/page"}],"author":[{"embeddable":true,"href":"https:\/\/www.durapalm.com\/es\/wp-json\/wp\/v2\/users\/1"}],"replies":[{"embeddable":true,"href":"https:\/\/www.durapalm.com\/es\/wp-json\/wp\/v2\/comments?post=1336"}],"version-history":[{"count":0,"href":"https:\/\/www.durapalm.com\/es\/wp-json\/wp\/v2\/pages\/1336\/revisions"}],"wp:featuredmedia":[{"embeddable":true,"href":"https:\/\/www.durapalm.com\/es\/wp-json\/wp\/v2\/media\/1371"}],"wp:attachment":[{"href":"https:\/\/www.durapalm.com\/es\/wp-json\/wp\/v2\/media?parent=1336"}],"curies":[{"name":"wp","href":"https:\/\/api.w.org\/{rel}","templated":true}]}}