{"id":1336,"date":"2024-12-31T16:50:10","date_gmt":"2024-12-31T16:50:10","guid":{"rendered":"https:\/\/www.durapalm.com\/?page_id=1336"},"modified":"2025-02-07T00:28:37","modified_gmt":"2025-02-07T00:28:37","slug":"sustainability","status":"publish","type":"page","link":"https:\/\/www.durapalm.com\/de\/sustainability\/","title":{"rendered":"Nachhaltigkeit"},"content":{"rendered":"<div data-elementor-type=\"wp-page\" data-elementor-id=\"1336\" class=\"elementor elementor-1336\" data-elementor-post-type=\"page\">\n\t\t\t\t<div class=\"elementor-element elementor-element-201c9d3 e-flex e-con-boxed e-con e-parent\" data-id=\"201c9d3\" data-element_type=\"container\" data-e-type=\"container\" data-settings=\"{&quot;background_background&quot;:&quot;classic&quot;}\">\n\t\t\t\t\t<div class=\"e-con-inner\">\n\t\t\t\t<div class=\"elementor-element elementor-element-4c9b795 elementor-widget__width-initial elementor-widget elementor-widget-heading\" data-id=\"4c9b795\" data-element_type=\"widget\" data-e-type=\"widget\" data-widget_type=\"heading.default\">\n\t\t\t\t<div class=\"elementor-widget-container\">\n\t\t\t\t\t<h1 class=\"elementor-heading-title elementor-size-default\">Nachhaltigkeit<\/h1>\t\t\t\t<\/div>\n\t\t\t\t<\/div>\n\t\t\t\t\t<\/div>\n\t\t\t\t<\/div>\n\t\t<div class=\"elementor-element elementor-element-9443cb8 e-flex e-con-boxed e-con e-parent\" data-id=\"9443cb8\" data-element_type=\"container\" data-e-type=\"container\">\n\t\t\t\t\t<div class=\"e-con-inner\">\n\t\t<div class=\"elementor-element elementor-element-3edc279 e-con-full elementor-hidden-tablet elementor-hidden-mobile e-flex e-con e-child\" data-id=\"3edc279\" data-element_type=\"container\" data-e-type=\"container\">\n\t\t\t\t<div class=\"elementor-element elementor-element-b2db915 elementor-widget__width-inherit side-btn elementor-widget elementor-widget-button\" data-id=\"b2db915\" data-element_type=\"widget\" data-e-type=\"widget\" data-widget_type=\"button.default\">\n\t\t\t\t<div class=\"elementor-widget-container\">\n\t\t\t\t\t\t\t\t\t<div class=\"elementor-button-wrapper\">\n\t\t\t\t\t<a class=\"elementor-button elementor-button-link elementor-size-sm\" href=\"https:\/\/www.durapalm.com\/de\/about\/\">\n\t\t\t\t\t\t<span class=\"elementor-button-content-wrapper\">\n\t\t\t\t\t\t\t\t\t<span class=\"elementor-button-text\">UNSERE GESCHICHTE<\/span>\n\t\t\t\t\t<\/span>\n\t\t\t\t\t<\/a>\n\t\t\t\t<\/div>\n\t\t\t\t\t\t\t\t<\/div>\n\t\t\t\t<\/div>\n\t\t\t\t<div class=\"elementor-element elementor-element-7ea79be elementor-widget__width-inherit side-btn elementor-widget elementor-widget-button\" data-id=\"7ea79be\" data-element_type=\"widget\" data-e-type=\"widget\" data-widget_type=\"button.default\">\n\t\t\t\t<div class=\"elementor-widget-container\">\n\t\t\t\t\t\t\t\t\t<div class=\"elementor-button-wrapper\">\n\t\t\t\t\t<a class=\"elementor-button elementor-button-link elementor-size-sm\" href=\"#\">\n\t\t\t\t\t\t<span class=\"elementor-button-content-wrapper\">\n\t\t\t\t\t\t<span class=\"elementor-button-icon\">\n\t\t\t\t<svg aria-hidden=\"true\" class=\"e-font-icon-svg e-fas-caret-right\" viewbox=\"0 0 192 512\" xmlns=\"http:\/\/www.w3.org\/2000\/svg\"><path d=\"M0 384.662V127.338c0-17.818 21.543-26.741 34.142-14.142l128.662 128.662c7.81 7.81 7.81 20.474 0 28.284L34.142 398.804C21.543 411.404 0 402.48 0 384.662z\"><\/path><\/svg>\t\t\t<\/span>\n\t\t\t\t\t\t\t\t\t<span class=\"elementor-button-text\">NACHHALTIGKEIT<\/span>\n\t\t\t\t\t<\/span>\n\t\t\t\t\t<\/a>\n\t\t\t\t<\/div>\n\t\t\t\t\t\t\t\t<\/div>\n\t\t\t\t<\/div>\n\t\t\t\t<\/div>\n\t\t<div class=\"elementor-element elementor-element-364648f e-con-full e-flex e-con e-child\" data-id=\"364648f\" data-element_type=\"container\" data-e-type=\"container\">\n\t\t\t\t<div class=\"elementor-element elementor-element-bce7d09 elementor-widget elementor-widget-heading\" data-id=\"bce7d09\" data-element_type=\"widget\" data-e-type=\"widget\" data-widget_type=\"heading.default\">\n\t\t\t\t<div class=\"elementor-widget-container\">\n\t\t\t\t\t<h4 class=\"elementor-heading-title elementor-size-default\">Nachhaltige Beschaffung von Palmholz und soziale Auswirkungen<\/h4>\t\t\t\t<\/div>\n\t\t\t\t<\/div>\n\t\t<div class=\"elementor-element elementor-element-8ab660f e-con-full e-flex e-con e-child\" data-id=\"8ab660f\" data-element_type=\"container\" data-e-type=\"container\">\n\t\t<div class=\"elementor-element elementor-element-9c9d190 e-con-full e-flex e-con e-child\" data-id=\"9c9d190\" data-element_type=\"container\" data-e-type=\"container\">\n\t\t\t\t<div class=\"elementor-element elementor-element-1d6ec75 elementor-widget elementor-widget-image\" data-id=\"1d6ec75\" data-element_type=\"widget\" data-e-type=\"widget\" data-widget_type=\"image.default\">\n\t\t\t\t<div class=\"elementor-widget-container\">\n\t\t\t\t\t\t\t\t\t\t\t\t\t\t\t<img fetchpriority=\"high\" decoding=\"async\" width=\"800\" height=\"800\" src=\"https:\/\/www.durapalm.com\/wp-content\/uploads\/2024\/12\/sustainability1.jpg\" class=\"attachment-large size-large wp-image-1371\" alt=\"Palmwood Sources\" srcset=\"https:\/\/www.durapalm.com\/wp-content\/uploads\/2024\/12\/sustainability1.jpg 800w, https:\/\/www.durapalm.com\/wp-content\/uploads\/2024\/12\/sustainability1-300x300.jpg 300w, https:\/\/www.durapalm.com\/wp-content\/uploads\/2024\/12\/sustainability1-150x150.jpg 150w, https:\/\/www.durapalm.com\/wp-content\/uploads\/2024\/12\/sustainability1-768x768.jpg 768w, https:\/\/www.durapalm.com\/wp-content\/uploads\/2024\/12\/sustainability1-400x400.jpg 400w, https:\/\/www.durapalm.com\/wp-content\/uploads\/2024\/12\/sustainability1-600x600.jpg 600w\" sizes=\"(max-width: 800px) 100vw, 800px\" \/>\t\t\t\t\t\t\t\t\t\t\t\t\t\t\t<\/div>\n\t\t\t\t<\/div>\n\t\t\t\t<\/div>\n\t\t<div class=\"elementor-element elementor-element-8c28867 e-con-full e-flex e-con e-child\" data-id=\"8c28867\" data-element_type=\"container\" data-e-type=\"container\">\n\t\t\t\t<div class=\"elementor-element elementor-element-9ae37ff elementor-widget elementor-widget-heading\" data-id=\"9ae37ff\" data-element_type=\"widget\" data-e-type=\"widget\" data-widget_type=\"heading.default\">\n\t\t\t\t<div class=\"elementor-widget-container\">\n\t\t\t\t\t<h4 class=\"elementor-heading-title elementor-size-default\">Unsere Palmholz-Quellen<\/h4>\t\t\t\t<\/div>\n\t\t\t\t<\/div>\n\t\t\t\t<div class=\"elementor-element elementor-element-9f8698a elementor-widget elementor-widget-text-editor\" data-id=\"9f8698a\" data-element_type=\"widget\" data-e-type=\"widget\" data-widget_type=\"text-editor.default\">\n\t\t\t\t<div class=\"elementor-widget-container\">\n\t\t\t\t\t\t\t\t\t<p><span style=\"font-weight: 400;\">Smith &amp; Fong bezieht Palmholz aus Regionen, die reich an Palmenressourcen sind, darunter Mittelamerika, Afrika, die pazifischen Inseln und S\u00fcdostasien. In diesen Gebieten hat die Palmholzindustrie das Potenzial, nachhaltige Arbeitspl\u00e4tze zu schaffen und eine Alternative zum Abholzen alter B\u00e4ume zu bieten, die nur schwer zu ersetzen sind. Nach umfangreichen Recherchen haben wir uns f\u00fcr Indien entschieden, um unsere Reise mit Palmenholz zu beginnen, da wir von den einzigartigen Eigenschaften des Materials und seinem Potenzial, einen positiven Einfluss auszu\u00fcben, fasziniert waren.<\/span><\/p>\t\t\t\t\t\t\t\t<\/div>\n\t\t\t\t<\/div>\n\t\t\t\t<\/div>\n\t\t\t\t<\/div>\n\t\t<div class=\"elementor-element elementor-element-fab7bc7 e-con-full e-flex e-con e-child\" data-id=\"fab7bc7\" data-element_type=\"container\" data-e-type=\"container\">\n\t\t<div class=\"elementor-element elementor-element-0bb4131 e-con-full e-flex e-con e-child\" data-id=\"0bb4131\" data-element_type=\"container\" data-e-type=\"container\">\n\t\t\t\t<div class=\"elementor-element elementor-element-a5b7d6a elementor-widget elementor-widget-image\" data-id=\"a5b7d6a\" data-element_type=\"widget\" data-e-type=\"widget\" data-widget_type=\"image.default\">\n\t\t\t\t<div class=\"elementor-widget-container\">\n\t\t\t\t\t\t\t\t\t\t\t\t\t\t\t<img decoding=\"async\" width=\"800\" height=\"800\" data-src=\"https:\/\/www.durapalm.com\/wp-content\/uploads\/2024\/12\/sustainability2.jpg\" class=\"attachment-large size-large wp-image-1381 lazyload\" alt=\"Palm Wood Production Cycle\" data-srcset=\"https:\/\/www.durapalm.com\/wp-content\/uploads\/2024\/12\/sustainability2.jpg 800w, https:\/\/www.durapalm.com\/wp-content\/uploads\/2024\/12\/sustainability2-300x300.jpg 300w, https:\/\/www.durapalm.com\/wp-content\/uploads\/2024\/12\/sustainability2-150x150.jpg 150w, https:\/\/www.durapalm.com\/wp-content\/uploads\/2024\/12\/sustainability2-768x768.jpg 768w, https:\/\/www.durapalm.com\/wp-content\/uploads\/2024\/12\/sustainability2-400x400.jpg 400w, https:\/\/www.durapalm.com\/wp-content\/uploads\/2024\/12\/sustainability2-600x600.jpg 600w\" data-sizes=\"(max-width: 800px) 100vw, 800px\" src=\"data:image\/svg+xml;base64,PHN2ZyB3aWR0aD0iMSIgaGVpZ2h0PSIxIiB4bWxucz0iaHR0cDovL3d3dy53My5vcmcvMjAwMC9zdmciPjwvc3ZnPg==\" style=\"--smush-placeholder-width: 800px; --smush-placeholder-aspect-ratio: 800\/800;\" \/>\t\t\t\t\t\t\t\t\t\t\t\t\t\t\t<\/div>\n\t\t\t\t<\/div>\n\t\t\t\t<\/div>\n\t\t<div class=\"elementor-element elementor-element-e834768 e-con-full e-flex e-con e-child\" data-id=\"e834768\" data-element_type=\"container\" data-e-type=\"container\">\n\t\t\t\t<div class=\"elementor-element elementor-element-3d70dae elementor-widget elementor-widget-heading\" data-id=\"3d70dae\" data-element_type=\"widget\" data-e-type=\"widget\" data-widget_type=\"heading.default\">\n\t\t\t\t<div class=\"elementor-widget-container\">\n\t\t\t\t\t<h4 class=\"elementor-heading-title elementor-size-default\">Zyklus der nachhaltigen Palmenproduktion<\/h4>\t\t\t\t<\/div>\n\t\t\t\t<\/div>\n\t\t\t\t<div class=\"elementor-element elementor-element-1c1c159 elementor-widget elementor-widget-text-editor\" data-id=\"1c1c159\" data-element_type=\"widget\" data-e-type=\"widget\" data-widget_type=\"text-editor.default\">\n\t\t\t\t<div class=\"elementor-widget-container\">\n\t\t\t\t\t\t\t\t\t<p><span style=\"font-weight: 400;\">Unser Palmholz stammt aus Plantagen und landwirtschaftlichen Betrieben, wo wir im Einklang mit dem nat\u00fcrlichen Lebenszyklus der Palmenproduktion arbeiten. Wir verwenden in erster Linie Zucker- und Kokospalmenarten, die eine produktive Lebensdauer von etwa 60 Jahren haben. Nach diesem Zeitraum nimmt die Frucht- und Nussproduktion mit zunehmender H\u00f6he der Palme ab, so dass Feuchtigkeit und N\u00e4hrstoffe nur noch schwer nach oben gelangen k\u00f6nnen. An diesem Punkt ist eine Neupflanzung ideal, und wir helfen den Bauern, die oft Kleinbauern mit weniger als 10 Hektar sind, eine zus\u00e4tzliche Einnahmequelle zu erschlie\u00dfen. Dieser Ansatz gew\u00e4hrleistet eine symbiotische Beziehung, von der sowohl die Umwelt als auch die Landwirte direkt profitieren.<\/span><\/p>\t\t\t\t\t\t\t\t<\/div>\n\t\t\t\t<\/div>\n\t\t\t\t<\/div>\n\t\t\t\t<\/div>\n\t\t<div class=\"elementor-element elementor-element-e4c0ec3 e-con-full e-flex e-con e-child\" data-id=\"e4c0ec3\" data-element_type=\"container\" data-e-type=\"container\">\n\t\t<div class=\"elementor-element elementor-element-afb1121 e-con-full e-flex e-con e-child\" data-id=\"afb1121\" data-element_type=\"container\" data-e-type=\"container\">\n\t\t\t\t<div class=\"elementor-element elementor-element-2fd0d2c elementor-widget elementor-widget-image\" data-id=\"2fd0d2c\" data-element_type=\"widget\" data-e-type=\"widget\" data-widget_type=\"image.default\">\n\t\t\t\t<div class=\"elementor-widget-container\">\n\t\t\t\t\t\t\t\t\t\t\t\t\t\t\t<img decoding=\"async\" width=\"800\" height=\"800\" data-src=\"https:\/\/www.durapalm.com\/wp-content\/uploads\/2024\/12\/sustainability3.jpg\" class=\"attachment-large size-large wp-image-1382 lazyload\" alt=\"\" data-srcset=\"https:\/\/www.durapalm.com\/wp-content\/uploads\/2024\/12\/sustainability3.jpg 800w, https:\/\/www.durapalm.com\/wp-content\/uploads\/2024\/12\/sustainability3-300x300.jpg 300w, https:\/\/www.durapalm.com\/wp-content\/uploads\/2024\/12\/sustainability3-150x150.jpg 150w, https:\/\/www.durapalm.com\/wp-content\/uploads\/2024\/12\/sustainability3-768x768.jpg 768w, https:\/\/www.durapalm.com\/wp-content\/uploads\/2024\/12\/sustainability3-400x400.jpg 400w, https:\/\/www.durapalm.com\/wp-content\/uploads\/2024\/12\/sustainability3-600x600.jpg 600w\" data-sizes=\"(max-width: 800px) 100vw, 800px\" src=\"data:image\/svg+xml;base64,PHN2ZyB3aWR0aD0iMSIgaGVpZ2h0PSIxIiB4bWxucz0iaHR0cDovL3d3dy53My5vcmcvMjAwMC9zdmciPjwvc3ZnPg==\" style=\"--smush-placeholder-width: 800px; --smush-placeholder-aspect-ratio: 800\/800;\" \/>\t\t\t\t\t\t\t\t\t\t\t\t\t\t\t<\/div>\n\t\t\t\t<\/div>\n\t\t\t\t<\/div>\n\t\t<div class=\"elementor-element elementor-element-8d5d861 e-con-full e-flex e-con e-child\" data-id=\"8d5d861\" data-element_type=\"container\" data-e-type=\"container\">\n\t\t\t\t<div class=\"elementor-element elementor-element-01f7974 elementor-widget elementor-widget-heading\" data-id=\"01f7974\" data-element_type=\"widget\" data-e-type=\"widget\" data-widget_type=\"heading.default\">\n\t\t\t\t<div class=\"elementor-widget-container\">\n\t\t\t\t\t<h4 class=\"elementor-heading-title elementor-size-default\">Innovative Verarbeitung und Fertigung<\/h4>\t\t\t\t<\/div>\n\t\t\t\t<\/div>\n\t\t\t\t<div class=\"elementor-element elementor-element-4593339 elementor-widget elementor-widget-text-editor\" data-id=\"4593339\" data-element_type=\"widget\" data-e-type=\"widget\" data-widget_type=\"text-editor.default\">\n\t\t\t\t<div class=\"elementor-widget-container\">\n\t\t\t\t\t\t\t\t\t<p><span style=\"font-weight: 400;\">Die Herstellung von Produkten aus Palmholz ist ein komplexer Prozess, der spezielle Methoden erfordert. Im Gegensatz zu herk\u00f6mmlichen Harth\u00f6lzern ist Palmholz im Kern weicher und in den \u00e4u\u00dferen Schichten dichter. Da wir diese einzigartigen Eigenschaften erkannt haben, haben wir spezielle Techniken und Ger\u00e4te entwickelt, die auf Palmenholz zugeschnitten sind und es uns erm\u00f6glichen, langlebige und sch\u00f6ne Produkte wie Sperrholz, Platten, Furniere und Fu\u00dfb\u00f6den herzustellen. Dieses Engagement f\u00fcr Innovation erm\u00f6glicht es uns, die au\u00dfergew\u00f6hnlichen Qualit\u00e4ten von Palmenholz auf den Markt zu bringen.<\/span><\/p>\t\t\t\t\t\t\t\t<\/div>\n\t\t\t\t<\/div>\n\t\t\t\t<\/div>\n\t\t\t\t<\/div>\n\t\t<div class=\"elementor-element elementor-element-8e3a8f2 e-con-full e-flex e-con e-child\" data-id=\"8e3a8f2\" data-element_type=\"container\" data-e-type=\"container\">\n\t\t<div class=\"elementor-element elementor-element-0ec7d03 e-con-full e-flex e-con e-child\" data-id=\"0ec7d03\" data-element_type=\"container\" data-e-type=\"container\">\n\t\t\t\t<div class=\"elementor-element elementor-element-4c51939 elementor-widget elementor-widget-image\" data-id=\"4c51939\" data-element_type=\"widget\" data-e-type=\"widget\" data-widget_type=\"image.default\">\n\t\t\t\t<div class=\"elementor-widget-container\">\n\t\t\t\t\t\t\t\t\t\t\t\t\t\t\t<img decoding=\"async\" width=\"800\" height=\"800\" data-src=\"https:\/\/www.durapalm.com\/wp-content\/uploads\/2024\/12\/sustainability4.jpg\" class=\"attachment-large size-large wp-image-1383 lazyload\" alt=\"Durapalm Social and Environmental Mission\" data-srcset=\"https:\/\/www.durapalm.com\/wp-content\/uploads\/2024\/12\/sustainability4.jpg 800w, https:\/\/www.durapalm.com\/wp-content\/uploads\/2024\/12\/sustainability4-300x300.jpg 300w, https:\/\/www.durapalm.com\/wp-content\/uploads\/2024\/12\/sustainability4-150x150.jpg 150w, https:\/\/www.durapalm.com\/wp-content\/uploads\/2024\/12\/sustainability4-768x768.jpg 768w, https:\/\/www.durapalm.com\/wp-content\/uploads\/2024\/12\/sustainability4-400x400.jpg 400w, https:\/\/www.durapalm.com\/wp-content\/uploads\/2024\/12\/sustainability4-600x600.jpg 600w\" data-sizes=\"(max-width: 800px) 100vw, 800px\" src=\"data:image\/svg+xml;base64,PHN2ZyB3aWR0aD0iMSIgaGVpZ2h0PSIxIiB4bWxucz0iaHR0cDovL3d3dy53My5vcmcvMjAwMC9zdmciPjwvc3ZnPg==\" style=\"--smush-placeholder-width: 800px; --smush-placeholder-aspect-ratio: 800\/800;\" \/>\t\t\t\t\t\t\t\t\t\t\t\t\t\t\t<\/div>\n\t\t\t\t<\/div>\n\t\t\t\t<\/div>\n\t\t<div class=\"elementor-element elementor-element-cf20f11 e-con-full e-flex e-con e-child\" data-id=\"cf20f11\" data-element_type=\"container\" data-e-type=\"container\">\n\t\t\t\t<div class=\"elementor-element elementor-element-b62a606 elementor-widget elementor-widget-heading\" data-id=\"b62a606\" data-element_type=\"widget\" data-e-type=\"widget\" data-widget_type=\"heading.default\">\n\t\t\t\t<div class=\"elementor-widget-container\">\n\t\t\t\t\t<h4 class=\"elementor-heading-title elementor-size-default\">Unser sozialer und \u00f6kologischer Auftrag<\/h4>\t\t\t\t<\/div>\n\t\t\t\t<\/div>\n\t\t\t\t<div class=\"elementor-element elementor-element-f7ebc71 elementor-widget elementor-widget-text-editor\" data-id=\"f7ebc71\" data-element_type=\"widget\" data-e-type=\"widget\" data-widget_type=\"text-editor.default\">\n\t\t\t\t<div class=\"elementor-widget-container\">\n\t\t\t\t\t\t\t\t\t<p><span style=\"font-weight: 400;\">\u00dcber unsere Arbeit mit Palmen hinaus engagieren wir uns in den Gemeinden, in denen wir t\u00e4tig sind, f\u00fcr eine positive soziale und \u00f6kologische Entwicklung. Indem wir uns mit den lokalen Kulturen und Umgebungen auseinandersetzen, entwickeln wir Programme, die die Bed\u00fcrfnisse der Gemeinschaften unterst\u00fctzen und nachhaltige Praktiken f\u00f6rdern. Durch den st\u00e4ndigen Dialog und den Austausch von Erfahrungen auf unserer Website und in den sozialen Medien hoffen wir, ein tieferes Verst\u00e4ndnis f\u00fcr unseren Weg und unser Engagement f\u00fcr eine dauerhafte Ver\u00e4nderung zu f\u00f6rdern.<\/span><\/p>\t\t\t\t\t\t\t\t<\/div>\n\t\t\t\t<\/div>\n\t\t\t\t<\/div>\n\t\t\t\t<\/div>\n\t\t\t\t<\/div>\n\t\t\t\t\t<\/div>\n\t\t\t\t<\/div>\n\t\t\t\t<\/div>","protected":false},"excerpt":{"rendered":"<p>Sustainability OUR STORY SUSTAINABILITY Sustainable Palm Wood Sourcing and Social Impact Our Palm Wood Sources Smith &amp; Fong sources palm wood from regions rich in palm resources, including Central America, Africa, the Pacific Islands, and Southeast Asia. In these areas, the palm wood industry holds potential for creating sustainable jobs and providing an alternative to [&hellip;]<\/p>\n","protected":false},"author":1,"featured_media":1371,"parent":0,"menu_order":0,"comment_status":"closed","ping_status":"closed","template":"","meta":{"footnotes":""},"class_list":["post-1336","page","type-page","status-publish","has-post-thumbnail","hentry"],"yoast_head":"<!-- This site is optimized with the Yoast SEO plugin v27.4 - https:\/\/yoast.com\/product\/yoast-seo-wordpress\/ -->\n<title>Our Focus on Sustainability - Durapalm<\/title>\n<meta name=\"description\" content=\"Smith &amp; Fong sources palm wood from regions rich in palm resources, including Central America, Africa, the Pacific Islands, and Southeast Asia.\" \/>\n<meta name=\"robots\" content=\"index, follow, max-snippet:-1, max-image-preview:large, max-video-preview:-1\" \/>\n<link rel=\"canonical\" href=\"https:\/\/www.durapalm.com\/de\/sustainability\/\" \/>\n<meta property=\"og:locale\" content=\"de_DE\" \/>\n<meta property=\"og:type\" content=\"article\" \/>\n<meta property=\"og:title\" content=\"Our Focus on Sustainability - Durapalm\" \/>\n<meta property=\"og:description\" content=\"Smith &amp; Fong sources palm wood from regions rich in palm resources, including Central America, Africa, the Pacific Islands, and Southeast Asia.\" \/>\n<meta property=\"og:url\" content=\"https:\/\/www.durapalm.com\/de\/sustainability\/\" \/>\n<meta property=\"og:site_name\" content=\"Durapalm\" \/>\n<meta property=\"article:modified_time\" content=\"2025-02-07T00:28:37+00:00\" \/>\n<meta property=\"og:image\" content=\"https:\/\/www.durapalm.com\/wp-content\/uploads\/2024\/12\/sustainability1.jpg\" \/>\n\t<meta property=\"og:image:width\" content=\"800\" \/>\n\t<meta property=\"og:image:height\" content=\"800\" \/>\n\t<meta property=\"og:image:type\" content=\"image\/jpeg\" \/>\n<meta name=\"twitter:card\" content=\"summary_large_image\" \/>\n<meta name=\"twitter:label1\" content=\"Gesch\u00e4tzte Lesezeit\" \/>\n\t<meta name=\"twitter:data1\" content=\"3\u00a0Minuten\" \/>\n<!-- \/ Yoast SEO plugin. -->","yoast_head_json":{"title":"Unser Fokus auf Nachhaltigkeit - Durapalm","description":"Smith &amp; Fong bezieht Palmholz aus Regionen, die reich an Palmenressourcen sind, darunter Mittelamerika, Afrika, die pazifischen Inseln und S\u00fcdostasien.","robots":{"index":"index","follow":"follow","max-snippet":"max-snippet:-1","max-image-preview":"max-image-preview:large","max-video-preview":"max-video-preview:-1"},"canonical":"https:\/\/www.durapalm.com\/de\/sustainability\/","og_locale":"de_DE","og_type":"article","og_title":"Our Focus on Sustainability - Durapalm","og_description":"Smith & Fong sources palm wood from regions rich in palm resources, including Central America, Africa, the Pacific Islands, and Southeast Asia.","og_url":"https:\/\/www.durapalm.com\/de\/sustainability\/","og_site_name":"Durapalm","article_modified_time":"2025-02-07T00:28:37+00:00","og_image":[{"width":800,"height":800,"url":"https:\/\/www.durapalm.com\/wp-content\/uploads\/2024\/12\/sustainability1.jpg","type":"image\/jpeg"}],"twitter_card":"summary_large_image","twitter_misc":{"Gesch\u00e4tzte Lesezeit":"3\u00a0Minuten"},"schema":{"@context":"https:\/\/schema.org","@graph":[{"@type":"WebPage","@id":"https:\/\/www.durapalm.com\/sustainability\/","url":"https:\/\/www.durapalm.com\/sustainability\/","name":"Unser Fokus auf Nachhaltigkeit - Durapalm","isPartOf":{"@id":"https:\/\/www.durapalm.com\/#website"},"primaryImageOfPage":{"@id":"https:\/\/www.durapalm.com\/sustainability\/#primaryimage"},"image":{"@id":"https:\/\/www.durapalm.com\/sustainability\/#primaryimage"},"thumbnailUrl":"https:\/\/www.durapalm.com\/wp-content\/uploads\/2024\/12\/sustainability1.jpg","datePublished":"2024-12-31T16:50:10+00:00","dateModified":"2025-02-07T00:28:37+00:00","description":"Smith &amp; Fong bezieht Palmholz aus Regionen, die reich an Palmenressourcen sind, darunter Mittelamerika, Afrika, die pazifischen Inseln und S\u00fcdostasien.","breadcrumb":{"@id":"https:\/\/www.durapalm.com\/sustainability\/#breadcrumb"},"inLanguage":"de","potentialAction":[{"@type":"ReadAction","target":["https:\/\/www.durapalm.com\/sustainability\/"]}]},{"@type":"ImageObject","inLanguage":"de","@id":"https:\/\/www.durapalm.com\/sustainability\/#primaryimage","url":"https:\/\/www.durapalm.com\/wp-content\/uploads\/2024\/12\/sustainability1.jpg","contentUrl":"https:\/\/www.durapalm.com\/wp-content\/uploads\/2024\/12\/sustainability1.jpg","width":800,"height":800,"caption":"Palmwood Sources"},{"@type":"BreadcrumbList","@id":"https:\/\/www.durapalm.com\/sustainability\/#breadcrumb","itemListElement":[{"@type":"ListItem","position":1,"name":"Home","item":"https:\/\/www.durapalm.com\/"},{"@type":"ListItem","position":2,"name":"Sustainability"}]},{"@type":"WebSite","@id":"https:\/\/www.durapalm.com\/#website","url":"https:\/\/www.durapalm.com\/","name":"Durapalm","description":"Palmholz-Fu\u00dfb\u00f6den, Sperrholz und Verkleidungen","publisher":{"@id":"https:\/\/www.durapalm.com\/#organization"},"potentialAction":[{"@type":"SearchAction","target":{"@type":"EntryPoint","urlTemplate":"https:\/\/www.durapalm.com\/?s={search_term_string}"},"query-input":{"@type":"PropertyValueSpecification","valueRequired":true,"valueName":"search_term_string"}}],"inLanguage":"de"},{"@type":"Organization","@id":"https:\/\/www.durapalm.com\/#organization","name":"Durapalm","url":"https:\/\/www.durapalm.com\/","logo":{"@type":"ImageObject","inLanguage":"de","@id":"https:\/\/www.durapalm.com\/#\/schema\/logo\/image\/","url":"https:\/\/www.durapalm.com\/wp-content\/uploads\/2024\/11\/durapalm_logo.svg","contentUrl":"https:\/\/www.durapalm.com\/wp-content\/uploads\/2024\/11\/durapalm_logo.svg","width":430,"height":215,"caption":"Durapalm"},"image":{"@id":"https:\/\/www.durapalm.com\/#\/schema\/logo\/image\/"}}]}},"_links":{"self":[{"href":"https:\/\/www.durapalm.com\/de\/wp-json\/wp\/v2\/pages\/1336","targetHints":{"allow":["GET"]}}],"collection":[{"href":"https:\/\/www.durapalm.com\/de\/wp-json\/wp\/v2\/pages"}],"about":[{"href":"https:\/\/www.durapalm.com\/de\/wp-json\/wp\/v2\/types\/page"}],"author":[{"embeddable":true,"href":"https:\/\/www.durapalm.com\/de\/wp-json\/wp\/v2\/users\/1"}],"replies":[{"embeddable":true,"href":"https:\/\/www.durapalm.com\/de\/wp-json\/wp\/v2\/comments?post=1336"}],"version-history":[{"count":0,"href":"https:\/\/www.durapalm.com\/de\/wp-json\/wp\/v2\/pages\/1336\/revisions"}],"wp:featuredmedia":[{"embeddable":true,"href":"https:\/\/www.durapalm.com\/de\/wp-json\/wp\/v2\/media\/1371"}],"wp:attachment":[{"href":"https:\/\/www.durapalm.com\/de\/wp-json\/wp\/v2\/media?parent=1336"}],"curies":[{"name":"wp","href":"https:\/\/api.w.org\/{rel}","templated":true}]}}